{"id":1220,"date":"2023-09-06T11:20:13","date_gmt":"2023-09-06T09:20:13","guid":{"rendered":"https:\/\/www.pierwszekroczki.edu.pl\/?page_id=1220"},"modified":"2023-09-07T12:34:30","modified_gmt":"2023-09-07T10:34:30","slug":"%d0%b7%d0%b0%d1%80%d0%b0%d1%85%d1%83%d0%b2%d0%b0%d0%bd%d0%bd%d1%8f","status":"publish","type":"page","link":"https:\/\/www.pierwszekroczki.edu.pl\/uk\/%d0%b4%d0%b8%d1%82%d1%8f%d1%87%d0%b8%d0%b9-%d1%81%d0%b0%d0%b4%d0%be%d0%ba\/%d0%b7%d0%b0%d1%80%d0%b0%d1%85%d1%83%d0%b2%d0%b0%d0%bd%d0%bd%d1%8f\/","title":{"rendered":"\u0417\u0430\u0440\u0430\u0445\u0443\u0432\u0430\u043d\u043d\u044f"},"content":{"rendered":"\n<div class=\"wpcf7 no-js\" id=\"wpcf7-f1266-o1\" lang=\"pl-PL\" dir=\"ltr\" data-wpcf7-id=\"1266\">\n<div class=\"screen-reader-response\"><p role=\"status\" aria-live=\"polite\" aria-atomic=\"true\"><\/p> <ul><\/ul><\/div>\n<form action=\"\/uk\/wp-json\/wp\/v2\/pages\/1220#wpcf7-f1266-o1\" method=\"post\" class=\"wpcf7-form init\" aria-label=\"Formularz kontaktowy\" novalidate=\"novalidate\" data-status=\"init\">\n<fieldset class=\"hidden-fields-container\"><input type=\"hidden\" name=\"_wpcf7\" value=\"1266\" \/><input type=\"hidden\" name=\"_wpcf7_version\" value=\"6.1\" \/><input type=\"hidden\" name=\"_wpcf7_locale\" value=\"pl_PL\" \/><input type=\"hidden\" name=\"_wpcf7_unit_tag\" value=\"wpcf7-f1266-o1\" \/><input type=\"hidden\" name=\"_wpcf7_container_post\" value=\"0\" \/><input type=\"hidden\" name=\"_wpcf7_posted_data_hash\" value=\"\" \/>\n<\/fieldset>\n<div class=\"row\">\n\t<div class=\"col-12 col-md-6 col-lg-6\">\n\t\t<p><label>\u0406\u043c'\u044f \u0442\u0430 \u043f\u0440\u0456\u0437\u0432\u0438\u0449\u0435:<span>*<\/span><\/label><br \/>\n<span class=\"wpcf7-form-control-wrap\" data-name=\"your-name\"><input size=\"40\" maxlength=\"400\" class=\"wpcf7-form-control wpcf7-text wpcf7-validates-as-required\" aria-required=\"true\" aria-invalid=\"false\" value=\"\" type=\"text\" name=\"your-name\" \/><\/span><br \/>\n<label>\u0415\u043b\u0435\u043a\u0442\u0440\u043e\u043d\u043d\u0430 \u0430\u0434\u0440\u0435\u0441\u0430:<span>*<\/span><\/label><br \/>\n<span class=\"wpcf7-form-control-wrap\" data-name=\"email-10\"><input size=\"40\" maxlength=\"400\" class=\"wpcf7-form-control wpcf7-email wpcf7-validates-as-required wpcf7-text wpcf7-validates-as-email\" aria-required=\"true\" aria-invalid=\"false\" value=\"\" type=\"email\" name=\"email-10\" \/><\/span>\n\t\t<\/p>\n\t<\/div>\n\t<div class=\"col-12 col-md-6 col-lg-6\">\n\t\t<p><label>\u041d\u043e\u043c\u0435\u0440 \u0442\u0435\u043b\u0435\u0444\u043e\u043d\u0443:<\/label><br \/>\n<span class=\"wpcf7-form-control-wrap\" data-name=\"tel-765\"><input size=\"40\" maxlength=\"400\" class=\"wpcf7-form-control wpcf7-tel wpcf7-text wpcf7-validates-as-tel\" aria-invalid=\"false\" value=\"\" type=\"tel\" name=\"tel-765\" \/><\/span><br \/>\n<label> \u0422\u0435\u043c\u0430:<\/label><br \/>\n<span class=\"wpcf7-form-control-wrap\" data-name=\"your-subject\"><input size=\"40\" maxlength=\"400\" class=\"wpcf7-form-control wpcf7-text\" aria-invalid=\"false\" value=\"\" type=\"text\" name=\"your-subject\" \/><\/span>\n\t\t<\/p>\n\t<\/div>\n<\/div>\n<div>\n\t<p><label>\u0417\u043c\u0456\u0441\u0442 \u043f\u043e\u0432\u0456\u0434\u043e\u043c\u043b\u0435\u043d\u043d\u044f:<\/label><br \/>\n<span class=\"wpcf7-form-control-wrap\" data-name=\"textarea-912\"><textarea cols=\"40\" rows=\"10\" maxlength=\"2000\" class=\"wpcf7-form-control wpcf7-textarea\" aria-invalid=\"false\" name=\"textarea-912\"><\/textarea><\/span>\n\t<\/p>\n<\/div>\n<div class=\"text-right text-center-mobile mt-20\">\n\t<p><input class=\"wpcf7-form-control wpcf7-submit has-spinner btn\" type=\"submit\" value=\"\u0432\u0456\u0434\u043f\u0440\u0430\u0432\u0438\u0442\u0438\" \/>\n\t<\/p>\n<\/div><div class=\"wpcf7-response-output\" aria-hidden=\"true\"><\/div>\n<\/form>\n<\/div>\n\n","protected":false},"excerpt":{"rendered":"","protected":false},"author":1,"featured_media":0,"parent":1040,"menu_order":0,"comment_status":"closed","ping_status":"closed","template":"templates\/przedszkole.php","meta":{"_acf_changed":false,"footnotes":""},"class_list":["post-1220","page","type-page","status-publish","hentry"],"acf":[],"yoast_head":"<!-- This site is optimized with the Yoast SEO plugin v23.7 - https:\/\/yoast.com\/wordpress\/plugins\/seo\/ -->\n<title>\u0417\u0430\u0440\u0430\u0445\u0443\u0432\u0430\u043d\u043d\u044f - \u017b\u0142obek - Ochota - Wola - Warszawa - Pierwsze Kroczki<\/title>\n<meta name=\"robots\" content=\"index, follow, max-snippet:-1, max-image-preview:large, max-video-preview:-1\" \/>\n<link rel=\"canonical\" href=\"https:\/\/www.pierwszekroczki.edu.pl\/uk\/\u0434\u0438\u0442\u044f\u0447\u0438\u0439-\u0441\u0430\u0434\u043e\u043a\/\u0437\u0430\u0440\u0430\u0445\u0443\u0432\u0430\u043d\u043d\u044f\/\" \/>\n<meta property=\"og:locale\" content=\"uk_UA\" \/>\n<meta property=\"og:type\" content=\"article\" \/>\n<meta property=\"og:title\" content=\"\u0417\u0430\u0440\u0430\u0445\u0443\u0432\u0430\u043d\u043d\u044f - \u017b\u0142obek - Ochota - Wola - Warszawa - Pierwsze Kroczki\" \/>\n<meta property=\"og:url\" content=\"https:\/\/www.pierwszekroczki.edu.pl\/uk\/\u0434\u0438\u0442\u044f\u0447\u0438\u0439-\u0441\u0430\u0434\u043e\u043a\/\u0437\u0430\u0440\u0430\u0445\u0443\u0432\u0430\u043d\u043d\u044f\/\" \/>\n<meta property=\"og:site_name\" content=\"\u017b\u0142obek - Ochota - Wola - Warszawa - Pierwsze Kroczki\" \/>\n<meta property=\"article:publisher\" content=\"https:\/\/www.facebook.com\/pierwszekroczki\/\" \/>\n<meta property=\"article:modified_time\" content=\"2023-09-07T10:34:30+00:00\" \/>\n<meta name=\"twitter:card\" content=\"summary_large_image\" \/>\n<meta name=\"twitter:label1\" content=\"\u041f\u0440\u0438\u0431\u043b. \u0447\u0430\u0441 \u0447\u0438\u0442\u0430\u043d\u043d\u044f\" \/>\n\t<meta name=\"twitter:data1\" content=\"1 \u0445\u0432\u0438\u043b\u0438\u043d\u0430\" \/>\n<script type=\"application\/ld+json\" class=\"yoast-schema-graph\">{\"@context\":\"https:\/\/schema.org\",\"@graph\":[{\"@type\":\"WebPage\",\"@id\":\"https:\/\/www.pierwszekroczki.edu.pl\/uk\/%d0%b4%d0%b8%d1%82%d1%8f%d1%87%d0%b8%d0%b9-%d1%81%d0%b0%d0%b4%d0%be%d0%ba\/%d0%b7%d0%b0%d1%80%d0%b0%d1%85%d1%83%d0%b2%d0%b0%d0%bd%d0%bd%d1%8f\/\",\"url\":\"https:\/\/www.pierwszekroczki.edu.pl\/uk\/%d0%b4%d0%b8%d1%82%d1%8f%d1%87%d0%b8%d0%b9-%d1%81%d0%b0%d0%b4%d0%be%d0%ba\/%d0%b7%d0%b0%d1%80%d0%b0%d1%85%d1%83%d0%b2%d0%b0%d0%bd%d0%bd%d1%8f\/\",\"name\":\"\u0417\u0430\u0440\u0430\u0445\u0443\u0432\u0430\u043d\u043d\u044f - \u017b\u0142obek - Ochota - Wola - Warszawa - Pierwsze Kroczki\",\"isPartOf\":{\"@id\":\"https:\/\/www.pierwszekroczki.edu.pl\/#website\"},\"datePublished\":\"2023-09-06T09:20:13+00:00\",\"dateModified\":\"2023-09-07T10:34:30+00:00\",\"breadcrumb\":{\"@id\":\"https:\/\/www.pierwszekroczki.edu.pl\/uk\/%d0%b4%d0%b8%d1%82%d1%8f%d1%87%d0%b8%d0%b9-%d1%81%d0%b0%d0%b4%d0%be%d0%ba\/%d0%b7%d0%b0%d1%80%d0%b0%d1%85%d1%83%d0%b2%d0%b0%d0%bd%d0%bd%d1%8f\/#breadcrumb\"},\"inLanguage\":\"uk\",\"potentialAction\":[{\"@type\":\"ReadAction\",\"target\":[\"https:\/\/www.pierwszekroczki.edu.pl\/uk\/%d0%b4%d0%b8%d1%82%d1%8f%d1%87%d0%b8%d0%b9-%d1%81%d0%b0%d0%b4%d0%be%d0%ba\/%d0%b7%d0%b0%d1%80%d0%b0%d1%85%d1%83%d0%b2%d0%b0%d0%bd%d0%bd%d1%8f\/\"]}]},{\"@type\":\"BreadcrumbList\",\"@id\":\"https:\/\/www.pierwszekroczki.edu.pl\/uk\/%d0%b4%d0%b8%d1%82%d1%8f%d1%87%d0%b8%d0%b9-%d1%81%d0%b0%d0%b4%d0%be%d0%ba\/%d0%b7%d0%b0%d1%80%d0%b0%d1%85%d1%83%d0%b2%d0%b0%d0%bd%d0%bd%d1%8f\/#breadcrumb\",\"itemListElement\":[{\"@type\":\"ListItem\",\"position\":1,\"name\":\"Strona g\u0142\u00f3wna\",\"item\":\"https:\/\/www.pierwszekroczki.edu.pl\/uk\/\"},{\"@type\":\"ListItem\",\"position\":2,\"name\":\"\u0414\u0438\u0442\u044f\u0447\u0438\u0439 \u0441\u0430\u0434\u043e\u043a\",\"item\":\"https:\/\/www.pierwszekroczki.edu.pl\/uk\/%d0%b4%d0%b8%d1%82%d1%8f%d1%87%d0%b8%d0%b9-%d1%81%d0%b0%d0%b4%d0%be%d0%ba\/\"},{\"@type\":\"ListItem\",\"position\":3,\"name\":\"\u0417\u0430\u0440\u0430\u0445\u0443\u0432\u0430\u043d\u043d\u044f\"}]},{\"@type\":\"WebSite\",\"@id\":\"https:\/\/www.pierwszekroczki.edu.pl\/#website\",\"url\":\"https:\/\/www.pierwszekroczki.edu.pl\/\",\"name\":\"\u017b\u0142obek - Ochota - Wola - Warszawa - Pierwsze Kroczki\",\"description\":\"Ca\u0142odzienna opieka \u017c\u0142obkowa dla dzieci od 1 roku do 4 lat na Ochocie i Woli w Warszawie. Atmosfera muzyki i sztuki otacza Maluszki przez ca\u0142y dzie\u0144.\",\"publisher\":{\"@id\":\"https:\/\/www.pierwszekroczki.edu.pl\/#organization\"},\"potentialAction\":[{\"@type\":\"SearchAction\",\"target\":{\"@type\":\"EntryPoint\",\"urlTemplate\":\"https:\/\/www.pierwszekroczki.edu.pl\/?s={search_term_string}\"},\"query-input\":{\"@type\":\"PropertyValueSpecification\",\"valueRequired\":true,\"valueName\":\"search_term_string\"}}],\"inLanguage\":\"uk\"},{\"@type\":\"Organization\",\"@id\":\"https:\/\/www.pierwszekroczki.edu.pl\/#organization\",\"name\":\"Pierwsze Kroczki\",\"url\":\"https:\/\/www.pierwszekroczki.edu.pl\/\",\"logo\":{\"@type\":\"ImageObject\",\"inLanguage\":\"uk\",\"@id\":\"https:\/\/www.pierwszekroczki.edu.pl\/#\/schema\/logo\/image\/\",\"url\":\"https:\/\/www.pierwszekroczki.edu.pl\/wp-content\/uploads\/2023\/03\/favicon.png\",\"contentUrl\":\"https:\/\/www.pierwszekroczki.edu.pl\/wp-content\/uploads\/2023\/03\/favicon.png\",\"width\":92,\"height\":92,\"caption\":\"Pierwsze Kroczki\"},\"image\":{\"@id\":\"https:\/\/www.pierwszekroczki.edu.pl\/#\/schema\/logo\/image\/\"},\"sameAs\":[\"https:\/\/www.facebook.com\/pierwszekroczki\/\"]}]}<\/script>\n<!-- \/ Yoast SEO plugin. -->","yoast_head_json":{"title":"\u0417\u0430\u0440\u0430\u0445\u0443\u0432\u0430\u043d\u043d\u044f - \u017b\u0142obek - Ochota - Wola - Warszawa - Pierwsze Kroczki","robots":{"index":"index","follow":"follow","max-snippet":"max-snippet:-1","max-image-preview":"max-image-preview:large","max-video-preview":"max-video-preview:-1"},"canonical":"https:\/\/www.pierwszekroczki.edu.pl\/uk\/\u0434\u0438\u0442\u044f\u0447\u0438\u0439-\u0441\u0430\u0434\u043e\u043a\/\u0437\u0430\u0440\u0430\u0445\u0443\u0432\u0430\u043d\u043d\u044f\/","og_locale":"uk_UA","og_type":"article","og_title":"\u0417\u0430\u0440\u0430\u0445\u0443\u0432\u0430\u043d\u043d\u044f - \u017b\u0142obek - Ochota - Wola - Warszawa - Pierwsze Kroczki","og_url":"https:\/\/www.pierwszekroczki.edu.pl\/uk\/\u0434\u0438\u0442\u044f\u0447\u0438\u0439-\u0441\u0430\u0434\u043e\u043a\/\u0437\u0430\u0440\u0430\u0445\u0443\u0432\u0430\u043d\u043d\u044f\/","og_site_name":"\u017b\u0142obek - Ochota - Wola - Warszawa - Pierwsze Kroczki","article_publisher":"https:\/\/www.facebook.com\/pierwszekroczki\/","article_modified_time":"2023-09-07T10:34:30+00:00","twitter_card":"summary_large_image","twitter_misc":{"\u041f\u0440\u0438\u0431\u043b. \u0447\u0430\u0441 \u0447\u0438\u0442\u0430\u043d\u043d\u044f":"1 \u0445\u0432\u0438\u043b\u0438\u043d\u0430"},"schema":{"@context":"https:\/\/schema.org","@graph":[{"@type":"WebPage","@id":"https:\/\/www.pierwszekroczki.edu.pl\/uk\/%d0%b4%d0%b8%d1%82%d1%8f%d1%87%d0%b8%d0%b9-%d1%81%d0%b0%d0%b4%d0%be%d0%ba\/%d0%b7%d0%b0%d1%80%d0%b0%d1%85%d1%83%d0%b2%d0%b0%d0%bd%d0%bd%d1%8f\/","url":"https:\/\/www.pierwszekroczki.edu.pl\/uk\/%d0%b4%d0%b8%d1%82%d1%8f%d1%87%d0%b8%d0%b9-%d1%81%d0%b0%d0%b4%d0%be%d0%ba\/%d0%b7%d0%b0%d1%80%d0%b0%d1%85%d1%83%d0%b2%d0%b0%d0%bd%d0%bd%d1%8f\/","name":"\u0417\u0430\u0440\u0430\u0445\u0443\u0432\u0430\u043d\u043d\u044f - \u017b\u0142obek - Ochota - Wola - Warszawa - Pierwsze Kroczki","isPartOf":{"@id":"https:\/\/www.pierwszekroczki.edu.pl\/#website"},"datePublished":"2023-09-06T09:20:13+00:00","dateModified":"2023-09-07T10:34:30+00:00","breadcrumb":{"@id":"https:\/\/www.pierwszekroczki.edu.pl\/uk\/%d0%b4%d0%b8%d1%82%d1%8f%d1%87%d0%b8%d0%b9-%d1%81%d0%b0%d0%b4%d0%be%d0%ba\/%d0%b7%d0%b0%d1%80%d0%b0%d1%85%d1%83%d0%b2%d0%b0%d0%bd%d0%bd%d1%8f\/#breadcrumb"},"inLanguage":"uk","potentialAction":[{"@type":"ReadAction","target":["https:\/\/www.pierwszekroczki.edu.pl\/uk\/%d0%b4%d0%b8%d1%82%d1%8f%d1%87%d0%b8%d0%b9-%d1%81%d0%b0%d0%b4%d0%be%d0%ba\/%d0%b7%d0%b0%d1%80%d0%b0%d1%85%d1%83%d0%b2%d0%b0%d0%bd%d0%bd%d1%8f\/"]}]},{"@type":"BreadcrumbList","@id":"https:\/\/www.pierwszekroczki.edu.pl\/uk\/%d0%b4%d0%b8%d1%82%d1%8f%d1%87%d0%b8%d0%b9-%d1%81%d0%b0%d0%b4%d0%be%d0%ba\/%d0%b7%d0%b0%d1%80%d0%b0%d1%85%d1%83%d0%b2%d0%b0%d0%bd%d0%bd%d1%8f\/#breadcrumb","itemListElement":[{"@type":"ListItem","position":1,"name":"Strona g\u0142\u00f3wna","item":"https:\/\/www.pierwszekroczki.edu.pl\/uk\/"},{"@type":"ListItem","position":2,"name":"\u0414\u0438\u0442\u044f\u0447\u0438\u0439 \u0441\u0430\u0434\u043e\u043a","item":"https:\/\/www.pierwszekroczki.edu.pl\/uk\/%d0%b4%d0%b8%d1%82%d1%8f%d1%87%d0%b8%d0%b9-%d1%81%d0%b0%d0%b4%d0%be%d0%ba\/"},{"@type":"ListItem","position":3,"name":"\u0417\u0430\u0440\u0430\u0445\u0443\u0432\u0430\u043d\u043d\u044f"}]},{"@type":"WebSite","@id":"https:\/\/www.pierwszekroczki.edu.pl\/#website","url":"https:\/\/www.pierwszekroczki.edu.pl\/","name":"\u017b\u0142obek - Ochota - Wola - Warszawa - Pierwsze Kroczki","description":"Ca\u0142odzienna opieka \u017c\u0142obkowa dla dzieci od 1 roku do 4 lat na Ochocie i Woli w Warszawie. Atmosfera muzyki i sztuki otacza Maluszki przez ca\u0142y dzie\u0144.","publisher":{"@id":"https:\/\/www.pierwszekroczki.edu.pl\/#organization"},"potentialAction":[{"@type":"SearchAction","target":{"@type":"EntryPoint","urlTemplate":"https:\/\/www.pierwszekroczki.edu.pl\/?s={search_term_string}"},"query-input":{"@type":"PropertyValueSpecification","valueRequired":true,"valueName":"search_term_string"}}],"inLanguage":"uk"},{"@type":"Organization","@id":"https:\/\/www.pierwszekroczki.edu.pl\/#organization","name":"Pierwsze Kroczki","url":"https:\/\/www.pierwszekroczki.edu.pl\/","logo":{"@type":"ImageObject","inLanguage":"uk","@id":"https:\/\/www.pierwszekroczki.edu.pl\/#\/schema\/logo\/image\/","url":"https:\/\/www.pierwszekroczki.edu.pl\/wp-content\/uploads\/2023\/03\/favicon.png","contentUrl":"https:\/\/www.pierwszekroczki.edu.pl\/wp-content\/uploads\/2023\/03\/favicon.png","width":92,"height":92,"caption":"Pierwsze Kroczki"},"image":{"@id":"https:\/\/www.pierwszekroczki.edu.pl\/#\/schema\/logo\/image\/"},"sameAs":["https:\/\/www.facebook.com\/pierwszekroczki\/"]}]}},"_links":{"self":[{"href":"https:\/\/www.pierwszekroczki.edu.pl\/uk\/wp-json\/wp\/v2\/pages\/1220","targetHints":{"allow":["GET"]}}],"collection":[{"href":"https:\/\/www.pierwszekroczki.edu.pl\/uk\/wp-json\/wp\/v2\/pages"}],"about":[{"href":"https:\/\/www.pierwszekroczki.edu.pl\/uk\/wp-json\/wp\/v2\/types\/page"}],"author":[{"embeddable":true,"href":"https:\/\/www.pierwszekroczki.edu.pl\/uk\/wp-json\/wp\/v2\/users\/1"}],"replies":[{"embeddable":true,"href":"https:\/\/www.pierwszekroczki.edu.pl\/uk\/wp-json\/wp\/v2\/comments?post=1220"}],"version-history":[{"count":2,"href":"https:\/\/www.pierwszekroczki.edu.pl\/uk\/wp-json\/wp\/v2\/pages\/1220\/revisions"}],"predecessor-version":[{"id":1267,"href":"https:\/\/www.pierwszekroczki.edu.pl\/uk\/wp-json\/wp\/v2\/pages\/1220\/revisions\/1267"}],"up":[{"embeddable":true,"href":"https:\/\/www.pierwszekroczki.edu.pl\/uk\/wp-json\/wp\/v2\/pages\/1040"}],"wp:attachment":[{"href":"https:\/\/www.pierwszekroczki.edu.pl\/uk\/wp-json\/wp\/v2\/media?parent=1220"}],"curies":[{"name":"wp","href":"https:\/\/api.w.org\/{rel}","templated":true}]}}