{"id":1054,"date":"2023-08-30T10:43:49","date_gmt":"2023-08-30T08:43:49","guid":{"rendered":"https:\/\/www.pierwszekroczki.edu.pl\/?page_id=1054"},"modified":"2023-08-30T10:45:13","modified_gmt":"2023-08-30T08:45:13","slug":"%d1%81%d0%bf%d1%96%d0%b2%d0%bf%d1%80%d0%b0%d1%86%d1%8f","status":"publish","type":"page","link":"https:\/\/www.pierwszekroczki.edu.pl\/uk\/%d1%81%d0%bf%d1%96%d0%b2%d0%bf%d1%80%d0%b0%d1%86%d1%8f\/","title":{"rendered":"\u0421\u043f\u0456\u0432\u043f\u0440\u0430\u0446\u044f"},"content":{"rendered":"<p>\u041d\u0430\u0448\u0430 \u043e\u0440\u0433\u0430\u043d\u0456\u0437\u0430\u0446\u0456\u044f \u043f\u043e\u0441\u0442\u0456\u0439\u043d\u043e \u0440\u043e\u0437\u0432\u0438\u0432\u0430\u0454\u0442\u044c\u0441\u044f. \u0411\u0430\u0436\u0430\u0454\u0442\u0435 \u043f\u0440\u0438\u0454\u0434\u043d\u0430\u0442\u0438\u0441\u044f \u0434\u043e \u043d\u0430\u0439\u043a\u0440\u0430\u0449\u043e\u0433\u043e \u043a\u043e\u043b\u0435\u043a\u0442\u0438\u0432\u0443 &#8220;Pierwsze Kroczki&#8221;? \u0412\u0438 \u043b\u044e\u0431\u0438\u0442\u0435 \u0434\u0456\u0442\u0435\u0439 \u0456 \u0445\u043e\u0447\u0435\u0442\u0435 \u0440\u043e\u0437\u0432\u0438\u0432\u0430\u0442\u0438\u0441\u044f \u0441\u0435\u0440\u0435\u0434 \u0434\u043e\u0441\u0432\u0456\u0434\u0447\u0435\u043d\u0438\u0445 \u0422\u0456\u0442\u043e\u043a? \u041c\u0438 \u0432\u0456\u0434\u043a\u0440\u0438\u0432\u0430\u0454\u043c\u043e \u043f\u043e\u0441\u0442\u0456\u0439\u043d\u0438\u0439 \u043a\u0430\u043d\u0430\u043b \u0437\u0432&#8217;\u044f\u0437\u043a\u0443 \u0437 \u043c\u0430\u0439\u0431\u0443\u0442\u043d\u0456\u043c\u0438 \u041a\u0430\u043d\u0434\u0438\u0434\u0430\u0442\u0430\u043c\u0438, \u044f\u043a\u0456 \u0448\u0443\u043a\u0430\u044e\u0442\u044c \u0437\u043c\u0456\u043d \u0430\u0431\u043e \u043d\u043e\u0432\u043e\u0433\u043e \u0434\u043e\u0441\u0432\u0456\u0434\u0443 \u0432 \u0434\u0440\u0443\u0436\u043d\u0456\u0439 \u0430\u0442\u043c\u043e\u0441\u0444\u0435\u0440\u0456.<\/p>\n<p>\u042f\u043a\u0449\u043e \u0432\u0438 \u0437\u0430\u0446\u0456\u043a\u0430\u0432\u043b\u0435\u043d\u0456 \u0432 \u0441\u043f\u0456\u0432\u043f\u0440\u0430\u0446\u0456 \u0437 \u043d\u0430\u0448\u0438\u043c\u0438 \u043c\u0430\u043b\u044e\u043a\u0430\u043c\u0438, \u043c\u0438 \u0437\u0430\u043f\u0440\u043e\u0448\u0443\u0454\u043c\u043e \u0432\u0430\u0441 \u043d\u0430\u0434\u0456\u0441\u043b\u0430\u0442\u0438 \u0441\u0432\u043e\u0454 \u0440\u0435\u0437\u044e\u043c\u0435 \u0437\u0430 \u0434\u043e\u043f\u043e\u043c\u043e\u0433\u043e\u044e \u0444\u043e\u0440\u043c\u0438 \u043d\u0438\u0436\u0447\u0435 \u0430\u0431\u043e \u043d\u0430 \u0430\u0434\u0440\u0435\u0441\u0443 <a href=\"mailto:info@pierwszekroczki.edu.pl\">info@pierwszekroczki.edu.pl<\/a> \u0430\u0431\u043e \u0437\u0430\u0442\u0435\u043b\u0435\u0444\u043e\u043d\u0443\u0432\u0430\u0442\u0438 \u0437\u0430 \u043d\u043e\u043c\u0435\u0440\u043e\u043c 888 400\u00a0302. <\/p>\n<p>\u0410 \u043c\u043e\u0436\u043b\u0438\u0432\u043e, \u0432\u0438 \u043f\u0440\u043e\u0432\u043e\u0434\u0438\u0442\u0435 \u0446\u0456\u043a\u0430\u0432\u0456 \u0437\u0430\u043d\u044f\u0442\u0442\u044f \u0434\u043b\u044f \u0434\u0456\u0442\u0435\u0439 \u0434\u043e 3 \u0440\u043e\u043a\u0456\u0432, \u043e\u0440\u0433\u0430\u043d\u0456\u0437\u043e\u0432\u0443\u0454\u0442\u0435 \u043c\u0430\u0439\u0441\u0442\u0435\u0440-\u043a\u043b\u0430\u0441\u0438 \u0434\u043b\u044f \u0431\u0430\u0442\u044c\u043a\u0456\u0432 \u0430\u0431\u043e \u043a\u0430\u0434\u0440\u0443 \u0434\u0438\u0442\u044f\u0447\u043e\u0433\u043e \u0441\u0430\u0434\u043a\u0430? \u0412\u0456\u0434\u043f\u0440\u0430\u0432\u0442\u0435 \u043d\u0430\u043c \u0432\u0430\u0448\u0443 \u043f\u0440\u043e\u043f\u043e\u0437\u0438\u0446\u0456\u044e, \u0432\u0435\u0431-\u0441\u0430\u0439\u0442 \u0430\u0431\u043e \u0437\u0430\u0442\u0435\u043b\u0435\u0444\u043e\u043d\u0443\u0439\u0442\u0435! \u041c\u0438 \u0437 \u0440\u0430\u0434\u0456\u0441\u0442\u044e \u043e\u0437\u043d\u0430\u0439\u043e\u043c\u0438\u043c\u043e\u0441\u044f \u0437 \u0432\u0430\u043c\u0438!<\/p>\n\n<div class=\"wpcf7 no-js\" id=\"wpcf7-f1057-o1\" lang=\"pl-PL\" dir=\"ltr\" data-wpcf7-id=\"1057\">\n<div class=\"screen-reader-response\"><p role=\"status\" aria-live=\"polite\" aria-atomic=\"true\"><\/p> <ul><\/ul><\/div>\n<form action=\"\/uk\/wp-json\/wp\/v2\/pages\/1054#wpcf7-f1057-o1\" method=\"post\" class=\"wpcf7-form init\" aria-label=\"Formularz kontaktowy\" enctype=\"multipart\/form-data\" novalidate=\"novalidate\" data-status=\"init\">\n<fieldset class=\"hidden-fields-container\"><input type=\"hidden\" name=\"_wpcf7\" value=\"1057\" \/><input type=\"hidden\" name=\"_wpcf7_version\" value=\"6.1\" \/><input type=\"hidden\" name=\"_wpcf7_locale\" value=\"pl_PL\" \/><input type=\"hidden\" name=\"_wpcf7_unit_tag\" value=\"wpcf7-f1057-o1\" \/><input type=\"hidden\" name=\"_wpcf7_container_post\" value=\"0\" \/><input type=\"hidden\" name=\"_wpcf7_posted_data_hash\" value=\"\" \/>\n<\/fieldset>\n<div class=\"row\">\n\t<div class=\"col-12 col-md-6 col-lg-4\">\n\t\t<p><label>\u0406\u043c'\u044f \u0442\u0430 \u043f\u0440\u0456\u0437\u0432\u0438\u0449\u0435:<span>*<\/span><\/label><br \/>\n<span class=\"wpcf7-form-control-wrap\" data-name=\"your-name\"><input size=\"40\" maxlength=\"400\" class=\"wpcf7-form-control wpcf7-text wpcf7-validates-as-required\" aria-required=\"true\" aria-invalid=\"false\" value=\"\" type=\"text\" name=\"your-name\" \/><\/span><br \/>\n<label>\u041d\u043e\u043c\u0435\u0440 \u0442\u0435\u043b\u0435\u0444\u043e\u043d\u0443:<\/label><br \/>\n<span class=\"wpcf7-form-control-wrap\" data-name=\"tel-765\"><input size=\"40\" maxlength=\"400\" class=\"wpcf7-form-control wpcf7-tel wpcf7-text wpcf7-validates-as-tel\" aria-invalid=\"false\" value=\"\" type=\"tel\" name=\"tel-765\" \/><\/span>\n\t\t<\/p>\n\t<\/div>\n\t<div class=\"col-12 col-md-6 col-lg-4\">\n\t\t<p><label>\u0410\u0434\u0440\u0435\u0441\u0430 \u0435\u043b\u0435\u043a\u0442\u0440\u043e\u043d\u043d\u043e\u0457 \u043f\u043e\u0448\u0442\u0438:<span>*<\/span><\/label><br \/>\n<span class=\"wpcf7-form-control-wrap\" data-name=\"email-10\"><input size=\"40\" maxlength=\"400\" class=\"wpcf7-form-control wpcf7-email wpcf7-validates-as-required wpcf7-text wpcf7-validates-as-email\" aria-required=\"true\" aria-invalid=\"false\" value=\"\" type=\"email\" name=\"email-10\" \/><\/span><br \/>\n<label>\u0420\u0435\u0437\u044e\u043c\u0435 (CV):<\/label><br \/>\n<span class=\"wpcf7-form-control-wrap\" data-name=\"file-117\"><input size=\"40\" class=\"wpcf7-form-control wpcf7-file\" accept=\"audio\/*,video\/*,image\/*\" aria-invalid=\"false\" type=\"file\" name=\"file-117\" \/><\/span>\n\t\t<\/p>\n\t<\/div>\n<\/div>\n<div class=\"row\">\n\t<div class=\"col-12 col-md-12 col-lg-8\">\n\t\t<p><label>\u0422\u0435\u043a\u0441\u0442 \u043f\u043e\u0432\u0456\u0434\u043e\u043c\u043b\u0435\u043d\u043d\u044f:<\/label><br \/>\n<span class=\"wpcf7-form-control-wrap\" data-name=\"textarea-912\"><textarea cols=\"40\" rows=\"10\" maxlength=\"2000\" class=\"wpcf7-form-control wpcf7-textarea\" aria-invalid=\"false\" name=\"textarea-912\"><\/textarea><\/span>\n\t\t<\/p>\n\t<\/div>\n<\/div>\n<div class=\"text-center-mobile mt-20\">\n\t<p><input class=\"wpcf7-form-control wpcf7-submit has-spinner btn\" type=\"submit\" value=\"\u041d\u0430\u0434\u0456\u0441\u043b\u0430\u0442\u0438\" \/>\n\t<\/p>\n<\/div><div class=\"wpcf7-response-output\" aria-hidden=\"true\"><\/div>\n<\/form>\n<\/div>\n\n","protected":false},"excerpt":{"rendered":"<p>\u041d\u0430\u0448\u0430 \u043e\u0440\u0433\u0430\u043d\u0456\u0437\u0430\u0446\u0456\u044f \u043f\u043e\u0441\u0442\u0456\u0439\u043d\u043e \u0440\u043e\u0437\u0432\u0438\u0432\u0430\u0454\u0442\u044c\u0441\u044f. \u0411\u0430\u0436\u0430\u0454\u0442\u0435 \u043f\u0440\u0438\u0454\u0434\u043d\u0430\u0442\u0438\u0441\u044f \u0434\u043e \u043d\u0430\u0439\u043a\u0440\u0430\u0449\u043e\u0433\u043e \u043a\u043e\u043b\u0435\u043a\u0442\u0438\u0432\u0443 &#8220;Pierwsze Kroczki&#8221;? \u0412\u0438 \u043b\u044e\u0431\u0438\u0442\u0435 \u0434\u0456\u0442\u0435\u0439 \u0456 \u0445\u043e\u0447\u0435\u0442\u0435 \u0440\u043e\u0437\u0432\u0438\u0432\u0430\u0442\u0438\u0441\u044f \u0441\u0435\u0440\u0435\u0434 \u0434\u043e\u0441\u0432\u0456\u0434\u0447\u0435\u043d\u0438\u0445 \u0422\u0456\u0442\u043e\u043a? [&hellip;]<\/p>\n","protected":false},"author":1,"featured_media":0,"parent":0,"menu_order":0,"comment_status":"closed","ping_status":"closed","template":"","meta":{"_acf_changed":false,"footnotes":""},"class_list":["post-1054","page","type-page","status-publish","hentry"],"acf":[],"yoast_head":"<!-- This site is optimized with the Yoast SEO plugin v23.7 - https:\/\/yoast.com\/wordpress\/plugins\/seo\/ -->\n<title>\u0421\u043f\u0456\u0432\u043f\u0440\u0430\u0446\u044f - \u017b\u0142obek - Ochota - Wola - Warszawa - Pierwsze Kroczki<\/title>\n<meta name=\"robots\" content=\"index, follow, max-snippet:-1, max-image-preview:large, max-video-preview:-1\" \/>\n<link rel=\"canonical\" href=\"https:\/\/www.pierwszekroczki.edu.pl\/uk\/\u0441\u043f\u0456\u0432\u043f\u0440\u0430\u0446\u044f\/\" \/>\n<meta property=\"og:locale\" content=\"uk_UA\" \/>\n<meta property=\"og:type\" content=\"article\" \/>\n<meta property=\"og:title\" content=\"\u0421\u043f\u0456\u0432\u043f\u0440\u0430\u0446\u044f - \u017b\u0142obek - Ochota - Wola - Warszawa - Pierwsze Kroczki\" \/>\n<meta property=\"og:description\" content=\"\u041d\u0430\u0448\u0430 \u043e\u0440\u0433\u0430\u043d\u0456\u0437\u0430\u0446\u0456\u044f \u043f\u043e\u0441\u0442\u0456\u0439\u043d\u043e \u0440\u043e\u0437\u0432\u0438\u0432\u0430\u0454\u0442\u044c\u0441\u044f. \u0411\u0430\u0436\u0430\u0454\u0442\u0435 \u043f\u0440\u0438\u0454\u0434\u043d\u0430\u0442\u0438\u0441\u044f \u0434\u043e \u043d\u0430\u0439\u043a\u0440\u0430\u0449\u043e\u0433\u043e \u043a\u043e\u043b\u0435\u043a\u0442\u0438\u0432\u0443 &#8220;Pierwsze Kroczki&#8221;? \u0412\u0438 \u043b\u044e\u0431\u0438\u0442\u0435 \u0434\u0456\u0442\u0435\u0439 \u0456 \u0445\u043e\u0447\u0435\u0442\u0435 \u0440\u043e\u0437\u0432\u0438\u0432\u0430\u0442\u0438\u0441\u044f \u0441\u0435\u0440\u0435\u0434 \u0434\u043e\u0441\u0432\u0456\u0434\u0447\u0435\u043d\u0438\u0445 \u0422\u0456\u0442\u043e\u043a? [&hellip;]\" \/>\n<meta property=\"og:url\" content=\"https:\/\/www.pierwszekroczki.edu.pl\/uk\/\u0441\u043f\u0456\u0432\u043f\u0440\u0430\u0446\u044f\/\" \/>\n<meta property=\"og:site_name\" content=\"\u017b\u0142obek - Ochota - Wola - Warszawa - Pierwsze Kroczki\" \/>\n<meta property=\"article:publisher\" content=\"https:\/\/www.facebook.com\/pierwszekroczki\/\" \/>\n<meta property=\"article:modified_time\" content=\"2023-08-30T08:45:13+00:00\" \/>\n<meta name=\"twitter:card\" content=\"summary_large_image\" \/>\n<meta name=\"twitter:label1\" content=\"\u041f\u0440\u0438\u0431\u043b. \u0447\u0430\u0441 \u0447\u0438\u0442\u0430\u043d\u043d\u044f\" \/>\n\t<meta name=\"twitter:data1\" content=\"1 \u0445\u0432\u0438\u043b\u0438\u043d\u0430\" \/>\n<script type=\"application\/ld+json\" class=\"yoast-schema-graph\">{\"@context\":\"https:\/\/schema.org\",\"@graph\":[{\"@type\":\"WebPage\",\"@id\":\"https:\/\/www.pierwszekroczki.edu.pl\/uk\/%d1%81%d0%bf%d1%96%d0%b2%d0%bf%d1%80%d0%b0%d1%86%d1%8f\/\",\"url\":\"https:\/\/www.pierwszekroczki.edu.pl\/uk\/%d1%81%d0%bf%d1%96%d0%b2%d0%bf%d1%80%d0%b0%d1%86%d1%8f\/\",\"name\":\"\u0421\u043f\u0456\u0432\u043f\u0440\u0430\u0446\u044f - \u017b\u0142obek - Ochota - Wola - Warszawa - Pierwsze Kroczki\",\"isPartOf\":{\"@id\":\"https:\/\/www.pierwszekroczki.edu.pl\/#website\"},\"datePublished\":\"2023-08-30T08:43:49+00:00\",\"dateModified\":\"2023-08-30T08:45:13+00:00\",\"breadcrumb\":{\"@id\":\"https:\/\/www.pierwszekroczki.edu.pl\/uk\/%d1%81%d0%bf%d1%96%d0%b2%d0%bf%d1%80%d0%b0%d1%86%d1%8f\/#breadcrumb\"},\"inLanguage\":\"uk\",\"potentialAction\":[{\"@type\":\"ReadAction\",\"target\":[\"https:\/\/www.pierwszekroczki.edu.pl\/uk\/%d1%81%d0%bf%d1%96%d0%b2%d0%bf%d1%80%d0%b0%d1%86%d1%8f\/\"]}]},{\"@type\":\"BreadcrumbList\",\"@id\":\"https:\/\/www.pierwszekroczki.edu.pl\/uk\/%d1%81%d0%bf%d1%96%d0%b2%d0%bf%d1%80%d0%b0%d1%86%d1%8f\/#breadcrumb\",\"itemListElement\":[{\"@type\":\"ListItem\",\"position\":1,\"name\":\"Strona g\u0142\u00f3wna\",\"item\":\"https:\/\/www.pierwszekroczki.edu.pl\/uk\/\"},{\"@type\":\"ListItem\",\"position\":2,\"name\":\"\u0421\u043f\u0456\u0432\u043f\u0440\u0430\u0446\u044f\"}]},{\"@type\":\"WebSite\",\"@id\":\"https:\/\/www.pierwszekroczki.edu.pl\/#website\",\"url\":\"https:\/\/www.pierwszekroczki.edu.pl\/\",\"name\":\"\u017b\u0142obek - Ochota - Wola - Warszawa - Pierwsze Kroczki\",\"description\":\"Ca\u0142odzienna opieka \u017c\u0142obkowa dla dzieci od 1 roku do 4 lat na Ochocie i Woli w Warszawie. Atmosfera muzyki i sztuki otacza Maluszki przez ca\u0142y dzie\u0144.\",\"publisher\":{\"@id\":\"https:\/\/www.pierwszekroczki.edu.pl\/#organization\"},\"potentialAction\":[{\"@type\":\"SearchAction\",\"target\":{\"@type\":\"EntryPoint\",\"urlTemplate\":\"https:\/\/www.pierwszekroczki.edu.pl\/?s={search_term_string}\"},\"query-input\":{\"@type\":\"PropertyValueSpecification\",\"valueRequired\":true,\"valueName\":\"search_term_string\"}}],\"inLanguage\":\"uk\"},{\"@type\":\"Organization\",\"@id\":\"https:\/\/www.pierwszekroczki.edu.pl\/#organization\",\"name\":\"Pierwsze Kroczki\",\"url\":\"https:\/\/www.pierwszekroczki.edu.pl\/\",\"logo\":{\"@type\":\"ImageObject\",\"inLanguage\":\"uk\",\"@id\":\"https:\/\/www.pierwszekroczki.edu.pl\/#\/schema\/logo\/image\/\",\"url\":\"https:\/\/www.pierwszekroczki.edu.pl\/wp-content\/uploads\/2023\/03\/favicon.png\",\"contentUrl\":\"https:\/\/www.pierwszekroczki.edu.pl\/wp-content\/uploads\/2023\/03\/favicon.png\",\"width\":92,\"height\":92,\"caption\":\"Pierwsze Kroczki\"},\"image\":{\"@id\":\"https:\/\/www.pierwszekroczki.edu.pl\/#\/schema\/logo\/image\/\"},\"sameAs\":[\"https:\/\/www.facebook.com\/pierwszekroczki\/\"]}]}<\/script>\n<!-- \/ Yoast SEO plugin. -->","yoast_head_json":{"title":"\u0421\u043f\u0456\u0432\u043f\u0440\u0430\u0446\u044f - \u017b\u0142obek - Ochota - Wola - Warszawa - Pierwsze Kroczki","robots":{"index":"index","follow":"follow","max-snippet":"max-snippet:-1","max-image-preview":"max-image-preview:large","max-video-preview":"max-video-preview:-1"},"canonical":"https:\/\/www.pierwszekroczki.edu.pl\/uk\/\u0441\u043f\u0456\u0432\u043f\u0440\u0430\u0446\u044f\/","og_locale":"uk_UA","og_type":"article","og_title":"\u0421\u043f\u0456\u0432\u043f\u0440\u0430\u0446\u044f - \u017b\u0142obek - Ochota - Wola - Warszawa - Pierwsze Kroczki","og_description":"\u041d\u0430\u0448\u0430 \u043e\u0440\u0433\u0430\u043d\u0456\u0437\u0430\u0446\u0456\u044f \u043f\u043e\u0441\u0442\u0456\u0439\u043d\u043e \u0440\u043e\u0437\u0432\u0438\u0432\u0430\u0454\u0442\u044c\u0441\u044f. \u0411\u0430\u0436\u0430\u0454\u0442\u0435 \u043f\u0440\u0438\u0454\u0434\u043d\u0430\u0442\u0438\u0441\u044f \u0434\u043e \u043d\u0430\u0439\u043a\u0440\u0430\u0449\u043e\u0433\u043e \u043a\u043e\u043b\u0435\u043a\u0442\u0438\u0432\u0443 &#8220;Pierwsze Kroczki&#8221;? \u0412\u0438 \u043b\u044e\u0431\u0438\u0442\u0435 \u0434\u0456\u0442\u0435\u0439 \u0456 \u0445\u043e\u0447\u0435\u0442\u0435 \u0440\u043e\u0437\u0432\u0438\u0432\u0430\u0442\u0438\u0441\u044f \u0441\u0435\u0440\u0435\u0434 \u0434\u043e\u0441\u0432\u0456\u0434\u0447\u0435\u043d\u0438\u0445 \u0422\u0456\u0442\u043e\u043a? [&hellip;]","og_url":"https:\/\/www.pierwszekroczki.edu.pl\/uk\/\u0441\u043f\u0456\u0432\u043f\u0440\u0430\u0446\u044f\/","og_site_name":"\u017b\u0142obek - Ochota - Wola - Warszawa - Pierwsze Kroczki","article_publisher":"https:\/\/www.facebook.com\/pierwszekroczki\/","article_modified_time":"2023-08-30T08:45:13+00:00","twitter_card":"summary_large_image","twitter_misc":{"\u041f\u0440\u0438\u0431\u043b. \u0447\u0430\u0441 \u0447\u0438\u0442\u0430\u043d\u043d\u044f":"1 \u0445\u0432\u0438\u043b\u0438\u043d\u0430"},"schema":{"@context":"https:\/\/schema.org","@graph":[{"@type":"WebPage","@id":"https:\/\/www.pierwszekroczki.edu.pl\/uk\/%d1%81%d0%bf%d1%96%d0%b2%d0%bf%d1%80%d0%b0%d1%86%d1%8f\/","url":"https:\/\/www.pierwszekroczki.edu.pl\/uk\/%d1%81%d0%bf%d1%96%d0%b2%d0%bf%d1%80%d0%b0%d1%86%d1%8f\/","name":"\u0421\u043f\u0456\u0432\u043f\u0440\u0430\u0446\u044f - \u017b\u0142obek - Ochota - Wola - Warszawa - Pierwsze Kroczki","isPartOf":{"@id":"https:\/\/www.pierwszekroczki.edu.pl\/#website"},"datePublished":"2023-08-30T08:43:49+00:00","dateModified":"2023-08-30T08:45:13+00:00","breadcrumb":{"@id":"https:\/\/www.pierwszekroczki.edu.pl\/uk\/%d1%81%d0%bf%d1%96%d0%b2%d0%bf%d1%80%d0%b0%d1%86%d1%8f\/#breadcrumb"},"inLanguage":"uk","potentialAction":[{"@type":"ReadAction","target":["https:\/\/www.pierwszekroczki.edu.pl\/uk\/%d1%81%d0%bf%d1%96%d0%b2%d0%bf%d1%80%d0%b0%d1%86%d1%8f\/"]}]},{"@type":"BreadcrumbList","@id":"https:\/\/www.pierwszekroczki.edu.pl\/uk\/%d1%81%d0%bf%d1%96%d0%b2%d0%bf%d1%80%d0%b0%d1%86%d1%8f\/#breadcrumb","itemListElement":[{"@type":"ListItem","position":1,"name":"Strona g\u0142\u00f3wna","item":"https:\/\/www.pierwszekroczki.edu.pl\/uk\/"},{"@type":"ListItem","position":2,"name":"\u0421\u043f\u0456\u0432\u043f\u0440\u0430\u0446\u044f"}]},{"@type":"WebSite","@id":"https:\/\/www.pierwszekroczki.edu.pl\/#website","url":"https:\/\/www.pierwszekroczki.edu.pl\/","name":"\u017b\u0142obek - Ochota - Wola - Warszawa - Pierwsze Kroczki","description":"Ca\u0142odzienna opieka \u017c\u0142obkowa dla dzieci od 1 roku do 4 lat na Ochocie i Woli w Warszawie. Atmosfera muzyki i sztuki otacza Maluszki przez ca\u0142y dzie\u0144.","publisher":{"@id":"https:\/\/www.pierwszekroczki.edu.pl\/#organization"},"potentialAction":[{"@type":"SearchAction","target":{"@type":"EntryPoint","urlTemplate":"https:\/\/www.pierwszekroczki.edu.pl\/?s={search_term_string}"},"query-input":{"@type":"PropertyValueSpecification","valueRequired":true,"valueName":"search_term_string"}}],"inLanguage":"uk"},{"@type":"Organization","@id":"https:\/\/www.pierwszekroczki.edu.pl\/#organization","name":"Pierwsze Kroczki","url":"https:\/\/www.pierwszekroczki.edu.pl\/","logo":{"@type":"ImageObject","inLanguage":"uk","@id":"https:\/\/www.pierwszekroczki.edu.pl\/#\/schema\/logo\/image\/","url":"https:\/\/www.pierwszekroczki.edu.pl\/wp-content\/uploads\/2023\/03\/favicon.png","contentUrl":"https:\/\/www.pierwszekroczki.edu.pl\/wp-content\/uploads\/2023\/03\/favicon.png","width":92,"height":92,"caption":"Pierwsze Kroczki"},"image":{"@id":"https:\/\/www.pierwszekroczki.edu.pl\/#\/schema\/logo\/image\/"},"sameAs":["https:\/\/www.facebook.com\/pierwszekroczki\/"]}]}},"_links":{"self":[{"href":"https:\/\/www.pierwszekroczki.edu.pl\/uk\/wp-json\/wp\/v2\/pages\/1054","targetHints":{"allow":["GET"]}}],"collection":[{"href":"https:\/\/www.pierwszekroczki.edu.pl\/uk\/wp-json\/wp\/v2\/pages"}],"about":[{"href":"https:\/\/www.pierwszekroczki.edu.pl\/uk\/wp-json\/wp\/v2\/types\/page"}],"author":[{"embeddable":true,"href":"https:\/\/www.pierwszekroczki.edu.pl\/uk\/wp-json\/wp\/v2\/users\/1"}],"replies":[{"embeddable":true,"href":"https:\/\/www.pierwszekroczki.edu.pl\/uk\/wp-json\/wp\/v2\/comments?post=1054"}],"version-history":[{"count":2,"href":"https:\/\/www.pierwszekroczki.edu.pl\/uk\/wp-json\/wp\/v2\/pages\/1054\/revisions"}],"predecessor-version":[{"id":1059,"href":"https:\/\/www.pierwszekroczki.edu.pl\/uk\/wp-json\/wp\/v2\/pages\/1054\/revisions\/1059"}],"wp:attachment":[{"href":"https:\/\/www.pierwszekroczki.edu.pl\/uk\/wp-json\/wp\/v2\/media?parent=1054"}],"curies":[{"name":"wp","href":"https:\/\/api.w.org\/{rel}","templated":true}]}}