{"id":1044,"date":"2023-08-30T10:37:16","date_gmt":"2023-08-30T08:37:16","guid":{"rendered":"https:\/\/www.pierwszekroczki.edu.pl\/?page_id=1044"},"modified":"2023-09-07T12:23:39","modified_gmt":"2023-09-07T10:23:39","slug":"%d0%b4%d0%b8%d1%82%d1%8f%d1%87%d0%b8%d0%b9-%d1%81%d0%b0%d0%b4%d0%be%d0%ba-2","status":"publish","type":"page","link":"https:\/\/www.pierwszekroczki.edu.pl\/uk\/","title":{"rendered":"\u0414\u0438\u0442\u044f\u0447\u0438\u0439 \u0441\u0430\u0434\u043e\u043a"},"content":{"rendered":"","protected":false},"excerpt":{"rendered":"","protected":false},"author":1,"featured_media":0,"parent":0,"menu_order":0,"comment_status":"closed","ping_status":"closed","template":"templates\/home.php","meta":{"_acf_changed":false,"footnotes":""},"class_list":["post-1044","page","type-page","status-publish","hentry"],"acf":[],"yoast_head":"<!-- This site is optimized with the Yoast SEO plugin v23.7 - https:\/\/yoast.com\/wordpress\/plugins\/seo\/ -->\n<title>\u0414\u0438\u0442\u044f\u0447\u0438\u0439 \u0441\u0430\u0434\u043e\u043a - \u017b\u0142obek - Ochota - Wola - Warszawa - Pierwsze Kroczki<\/title>\n<meta name=\"robots\" content=\"index, follow, max-snippet:-1, max-image-preview:large, max-video-preview:-1\" \/>\n<link rel=\"canonical\" href=\"https:\/\/www.pierwszekroczki.edu.pl\/uk\/\" \/>\n<meta property=\"og:locale\" content=\"uk_UA\" \/>\n<meta property=\"og:type\" content=\"article\" \/>\n<meta property=\"og:title\" content=\"\u0414\u0438\u0442\u044f\u0447\u0438\u0439 \u0441\u0430\u0434\u043e\u043a - \u017b\u0142obek - Ochota - Wola - Warszawa - Pierwsze Kroczki\" \/>\n<meta property=\"og:url\" content=\"https:\/\/www.pierwszekroczki.edu.pl\/uk\/\" \/>\n<meta property=\"og:site_name\" content=\"\u017b\u0142obek - Ochota - Wola - Warszawa - Pierwsze Kroczki\" \/>\n<meta property=\"article:publisher\" content=\"https:\/\/www.facebook.com\/pierwszekroczki\/\" \/>\n<meta property=\"article:modified_time\" content=\"2023-09-07T10:23:39+00:00\" \/>\n<meta name=\"twitter:card\" content=\"summary_large_image\" \/>\n<script type=\"application\/ld+json\" class=\"yoast-schema-graph\">{\"@context\":\"https:\/\/schema.org\",\"@graph\":[{\"@type\":\"WebPage\",\"@id\":\"https:\/\/www.pierwszekroczki.edu.pl\/uk\/\",\"url\":\"https:\/\/www.pierwszekroczki.edu.pl\/uk\/\",\"name\":\"\u0414\u0438\u0442\u044f\u0447\u0438\u0439 \u0441\u0430\u0434\u043e\u043a - \u017b\u0142obek - Ochota - Wola - Warszawa - Pierwsze Kroczki\",\"isPartOf\":{\"@id\":\"https:\/\/www.pierwszekroczki.edu.pl\/#website\"},\"datePublished\":\"2023-08-30T08:37:16+00:00\",\"dateModified\":\"2023-09-07T10:23:39+00:00\",\"breadcrumb\":{\"@id\":\"https:\/\/www.pierwszekroczki.edu.pl\/uk\/#breadcrumb\"},\"inLanguage\":\"uk\",\"potentialAction\":[{\"@type\":\"ReadAction\",\"target\":[\"https:\/\/www.pierwszekroczki.edu.pl\/uk\/\"]}]},{\"@type\":\"BreadcrumbList\",\"@id\":\"https:\/\/www.pierwszekroczki.edu.pl\/uk\/#breadcrumb\",\"itemListElement\":[{\"@type\":\"ListItem\",\"position\":1,\"name\":\"Strona g\u0142\u00f3wna\",\"item\":\"https:\/\/www.pierwszekroczki.edu.pl\/uk\/\"},{\"@type\":\"ListItem\",\"position\":2,\"name\":\"\u0414\u0438\u0442\u044f\u0447\u0438\u0439 \u0441\u0430\u0434\u043e\u043a\"}]},{\"@type\":\"WebSite\",\"@id\":\"https:\/\/www.pierwszekroczki.edu.pl\/#website\",\"url\":\"https:\/\/www.pierwszekroczki.edu.pl\/\",\"name\":\"\u017b\u0142obek - Ochota - Wola - Warszawa - Pierwsze Kroczki\",\"description\":\"Ca\u0142odzienna opieka \u017c\u0142obkowa dla dzieci od 1 roku do 4 lat na Ochocie i Woli w Warszawie. Atmosfera muzyki i sztuki otacza Maluszki przez ca\u0142y dzie\u0144.\",\"publisher\":{\"@id\":\"https:\/\/www.pierwszekroczki.edu.pl\/#organization\"},\"potentialAction\":[{\"@type\":\"SearchAction\",\"target\":{\"@type\":\"EntryPoint\",\"urlTemplate\":\"https:\/\/www.pierwszekroczki.edu.pl\/?s={search_term_string}\"},\"query-input\":{\"@type\":\"PropertyValueSpecification\",\"valueRequired\":true,\"valueName\":\"search_term_string\"}}],\"inLanguage\":\"uk\"},{\"@type\":\"Organization\",\"@id\":\"https:\/\/www.pierwszekroczki.edu.pl\/#organization\",\"name\":\"Pierwsze Kroczki\",\"url\":\"https:\/\/www.pierwszekroczki.edu.pl\/\",\"logo\":{\"@type\":\"ImageObject\",\"inLanguage\":\"uk\",\"@id\":\"https:\/\/www.pierwszekroczki.edu.pl\/#\/schema\/logo\/image\/\",\"url\":\"https:\/\/www.pierwszekroczki.edu.pl\/wp-content\/uploads\/2023\/03\/favicon.png\",\"contentUrl\":\"https:\/\/www.pierwszekroczki.edu.pl\/wp-content\/uploads\/2023\/03\/favicon.png\",\"width\":92,\"height\":92,\"caption\":\"Pierwsze Kroczki\"},\"image\":{\"@id\":\"https:\/\/www.pierwszekroczki.edu.pl\/#\/schema\/logo\/image\/\"},\"sameAs\":[\"https:\/\/www.facebook.com\/pierwszekroczki\/\"]}]}<\/script>\n<!-- \/ Yoast SEO plugin. -->","yoast_head_json":{"title":"\u0414\u0438\u0442\u044f\u0447\u0438\u0439 \u0441\u0430\u0434\u043e\u043a - \u017b\u0142obek - Ochota - Wola - Warszawa - Pierwsze Kroczki","robots":{"index":"index","follow":"follow","max-snippet":"max-snippet:-1","max-image-preview":"max-image-preview:large","max-video-preview":"max-video-preview:-1"},"canonical":"https:\/\/www.pierwszekroczki.edu.pl\/uk\/","og_locale":"uk_UA","og_type":"article","og_title":"\u0414\u0438\u0442\u044f\u0447\u0438\u0439 \u0441\u0430\u0434\u043e\u043a - \u017b\u0142obek - Ochota - Wola - Warszawa - Pierwsze Kroczki","og_url":"https:\/\/www.pierwszekroczki.edu.pl\/uk\/","og_site_name":"\u017b\u0142obek - Ochota - Wola - Warszawa - Pierwsze Kroczki","article_publisher":"https:\/\/www.facebook.com\/pierwszekroczki\/","article_modified_time":"2023-09-07T10:23:39+00:00","twitter_card":"summary_large_image","schema":{"@context":"https:\/\/schema.org","@graph":[{"@type":"WebPage","@id":"https:\/\/www.pierwszekroczki.edu.pl\/uk\/","url":"https:\/\/www.pierwszekroczki.edu.pl\/uk\/","name":"\u0414\u0438\u0442\u044f\u0447\u0438\u0439 \u0441\u0430\u0434\u043e\u043a - \u017b\u0142obek - Ochota - Wola - Warszawa - Pierwsze Kroczki","isPartOf":{"@id":"https:\/\/www.pierwszekroczki.edu.pl\/#website"},"datePublished":"2023-08-30T08:37:16+00:00","dateModified":"2023-09-07T10:23:39+00:00","breadcrumb":{"@id":"https:\/\/www.pierwszekroczki.edu.pl\/uk\/#breadcrumb"},"inLanguage":"uk","potentialAction":[{"@type":"ReadAction","target":["https:\/\/www.pierwszekroczki.edu.pl\/uk\/"]}]},{"@type":"BreadcrumbList","@id":"https:\/\/www.pierwszekroczki.edu.pl\/uk\/#breadcrumb","itemListElement":[{"@type":"ListItem","position":1,"name":"Strona g\u0142\u00f3wna","item":"https:\/\/www.pierwszekroczki.edu.pl\/uk\/"},{"@type":"ListItem","position":2,"name":"\u0414\u0438\u0442\u044f\u0447\u0438\u0439 \u0441\u0430\u0434\u043e\u043a"}]},{"@type":"WebSite","@id":"https:\/\/www.pierwszekroczki.edu.pl\/#website","url":"https:\/\/www.pierwszekroczki.edu.pl\/","name":"\u017b\u0142obek - Ochota - Wola - Warszawa - Pierwsze Kroczki","description":"Ca\u0142odzienna opieka \u017c\u0142obkowa dla dzieci od 1 roku do 4 lat na Ochocie i Woli w Warszawie. Atmosfera muzyki i sztuki otacza Maluszki przez ca\u0142y dzie\u0144.","publisher":{"@id":"https:\/\/www.pierwszekroczki.edu.pl\/#organization"},"potentialAction":[{"@type":"SearchAction","target":{"@type":"EntryPoint","urlTemplate":"https:\/\/www.pierwszekroczki.edu.pl\/?s={search_term_string}"},"query-input":{"@type":"PropertyValueSpecification","valueRequired":true,"valueName":"search_term_string"}}],"inLanguage":"uk"},{"@type":"Organization","@id":"https:\/\/www.pierwszekroczki.edu.pl\/#organization","name":"Pierwsze Kroczki","url":"https:\/\/www.pierwszekroczki.edu.pl\/","logo":{"@type":"ImageObject","inLanguage":"uk","@id":"https:\/\/www.pierwszekroczki.edu.pl\/#\/schema\/logo\/image\/","url":"https:\/\/www.pierwszekroczki.edu.pl\/wp-content\/uploads\/2023\/03\/favicon.png","contentUrl":"https:\/\/www.pierwszekroczki.edu.pl\/wp-content\/uploads\/2023\/03\/favicon.png","width":92,"height":92,"caption":"Pierwsze Kroczki"},"image":{"@id":"https:\/\/www.pierwszekroczki.edu.pl\/#\/schema\/logo\/image\/"},"sameAs":["https:\/\/www.facebook.com\/pierwszekroczki\/"]}]}},"_links":{"self":[{"href":"https:\/\/www.pierwszekroczki.edu.pl\/uk\/wp-json\/wp\/v2\/pages\/1044","targetHints":{"allow":["GET"]}}],"collection":[{"href":"https:\/\/www.pierwszekroczki.edu.pl\/uk\/wp-json\/wp\/v2\/pages"}],"about":[{"href":"https:\/\/www.pierwszekroczki.edu.pl\/uk\/wp-json\/wp\/v2\/types\/page"}],"author":[{"embeddable":true,"href":"https:\/\/www.pierwszekroczki.edu.pl\/uk\/wp-json\/wp\/v2\/users\/1"}],"replies":[{"embeddable":true,"href":"https:\/\/www.pierwszekroczki.edu.pl\/uk\/wp-json\/wp\/v2\/comments?post=1044"}],"version-history":[{"count":5,"href":"https:\/\/www.pierwszekroczki.edu.pl\/uk\/wp-json\/wp\/v2\/pages\/1044\/revisions"}],"predecessor-version":[{"id":1259,"href":"https:\/\/www.pierwszekroczki.edu.pl\/uk\/wp-json\/wp\/v2\/pages\/1044\/revisions\/1259"}],"wp:attachment":[{"href":"https:\/\/www.pierwszekroczki.edu.pl\/uk\/wp-json\/wp\/v2\/media?parent=1044"}],"curies":[{"name":"wp","href":"https:\/\/api.w.org\/{rel}","templated":true}]}}