{"id":763,"date":"2023-08-28T16:01:21","date_gmt":"2023-08-28T14:01:21","guid":{"rendered":"https:\/\/www.pierwszekroczki.edu.pl\/?page_id=763"},"modified":"2023-08-28T16:25:03","modified_gmt":"2023-08-28T14:25:03","slug":"nursery-in-wola","status":"publish","type":"page","link":"https:\/\/www.pierwszekroczki.edu.pl\/en\/nursery-in-wola\/","title":{"rendered":"Nursery in Wola"},"content":{"rendered":"<p>Dear Parents,<\/p>\n<p>We warmly invite you to our private branch of &#8220;Pierwsze Kroczki&#8221; at 33A Jana Kazimierza Street, unit U5. Three spacious playrooms are dedicated for the little ones to spend their time in. We welcome registrations across three different age groups.<\/p>\n<p>&#8220;Pierwsze Kroczki&#8221; located at 33A Jana Kazimierza Street are situated in close proximity to a playground accessible for our nursery children.<\/p>\n<p>The facility is conveniently located near the Sowi\u0144skiego tram stop and the &#8220;Jana Kazimierza&#8221; or &#8220;Goleszowska&#8221; bus stops. It&#8217;s easy to reach us from every corner of Wola, Bemowo, Ochota, \u015ar\u00f3dmie\u015bcie, and other districts of Warsaw. &#8220;Pierwsze Kroczki&#8221; in Wola are situated on Jana Kazimierza Street, in the heart of a residential area, on the ground floor of a residential building. Large windows illuminate it from the street side.<\/p>\n<p>The facility is conveniently located near the Sowi\u0144skiego tram stop and the &#8220;Jana Kazimierza&#8221; or &#8220;Goleszowska&#8221; bus stops. It&#8217;s easy to reach us from every corner of Wola, Bemowo, Ochota, \u015ar\u00f3dmie\u015bcie, and other districts of Warsaw. &#8220;Pierwsze Kroczki&#8221; in Wola are situated on Jana Kazimierza Street, in the heart of a residential area, on the ground floor of a residential building. Large windows illuminate it from the street side.<\/p>\n<p>At &#8220;Pierwsze Kroczki&#8221; located at 33A Jana Kazimierza Street, we prioritize the safety of the little ones, fostering good collaboration with parents, and offering creative and engaging activities for the children based on educational and developmental plans. Every week, our facility hosts English language sessions, comprehensive gymnastics, sensory activities, and musical preparation.<\/p>\n<p>At &#8220;Pierwsze Kroczki&#8221; located at 33A Jana Kazimierza Street in Warsaw, nursery spots have been funded from the state budget under the MALUCH+ 2021 Program.<\/p>\n<p>You can find more information about our activities and approaches in the <a href=\"https:\/\/www.pierwszekroczki.edu.pl\/en\/about-us\/\">ABOUT US<\/a> section.<\/p>\n","protected":false},"excerpt":{"rendered":"<p>Dear Parents, We warmly invite you to our private branch of &#8220;Pierwsze Kroczki&#8221; at 33A Jana Kazimierza Street, unit U5. [&hellip;]<\/p>\n","protected":false},"author":1,"featured_media":0,"parent":0,"menu_order":0,"comment_status":"closed","ping_status":"closed","template":"templates\/placowki.php","meta":{"_acf_changed":false,"footnotes":""},"class_list":["post-763","page","type-page","status-publish","hentry"],"acf":[],"yoast_head":"<!-- This site is optimized with the Yoast SEO plugin v23.7 - https:\/\/yoast.com\/wordpress\/plugins\/seo\/ -->\n<title>Nursery in Wola - \u017b\u0142obek - Ochota - Wola - Warszawa - Pierwsze Kroczki<\/title>\n<meta name=\"robots\" content=\"index, follow, max-snippet:-1, max-image-preview:large, max-video-preview:-1\" \/>\n<link rel=\"canonical\" href=\"https:\/\/www.pierwszekroczki.edu.pl\/en\/nursery-in-wola\/\" \/>\n<meta property=\"og:locale\" content=\"en_US\" \/>\n<meta property=\"og:type\" content=\"article\" \/>\n<meta property=\"og:title\" content=\"Nursery in Wola - \u017b\u0142obek - Ochota - Wola - Warszawa - Pierwsze Kroczki\" \/>\n<meta property=\"og:description\" content=\"Dear Parents, We warmly invite you to our private branch of &#8220;Pierwsze Kroczki&#8221; at 33A Jana Kazimierza Street, unit U5. [&hellip;]\" \/>\n<meta property=\"og:url\" content=\"https:\/\/www.pierwszekroczki.edu.pl\/en\/nursery-in-wola\/\" \/>\n<meta property=\"og:site_name\" content=\"\u017b\u0142obek - Ochota - Wola - Warszawa - Pierwsze Kroczki\" \/>\n<meta property=\"article:publisher\" content=\"https:\/\/www.facebook.com\/pierwszekroczki\/\" \/>\n<meta property=\"article:modified_time\" content=\"2023-08-28T14:25:03+00:00\" \/>\n<meta name=\"twitter:card\" content=\"summary_large_image\" \/>\n<meta name=\"twitter:label1\" content=\"Est. reading time\" \/>\n\t<meta name=\"twitter:data1\" content=\"2 minutes\" \/>\n<script type=\"application\/ld+json\" class=\"yoast-schema-graph\">{\"@context\":\"https:\/\/schema.org\",\"@graph\":[{\"@type\":\"WebPage\",\"@id\":\"https:\/\/www.pierwszekroczki.edu.pl\/en\/nursery-in-wola\/\",\"url\":\"https:\/\/www.pierwszekroczki.edu.pl\/en\/nursery-in-wola\/\",\"name\":\"Nursery in Wola - \u017b\u0142obek - Ochota - Wola - Warszawa - Pierwsze Kroczki\",\"isPartOf\":{\"@id\":\"https:\/\/www.pierwszekroczki.edu.pl\/#website\"},\"datePublished\":\"2023-08-28T14:01:21+00:00\",\"dateModified\":\"2023-08-28T14:25:03+00:00\",\"breadcrumb\":{\"@id\":\"https:\/\/www.pierwszekroczki.edu.pl\/en\/nursery-in-wola\/#breadcrumb\"},\"inLanguage\":\"en-US\",\"potentialAction\":[{\"@type\":\"ReadAction\",\"target\":[\"https:\/\/www.pierwszekroczki.edu.pl\/en\/nursery-in-wola\/\"]}]},{\"@type\":\"BreadcrumbList\",\"@id\":\"https:\/\/www.pierwszekroczki.edu.pl\/en\/nursery-in-wola\/#breadcrumb\",\"itemListElement\":[{\"@type\":\"ListItem\",\"position\":1,\"name\":\"Strona g\u0142\u00f3wna\",\"item\":\"https:\/\/www.pierwszekroczki.edu.pl\/en\/\"},{\"@type\":\"ListItem\",\"position\":2,\"name\":\"Nursery in Wola\"}]},{\"@type\":\"WebSite\",\"@id\":\"https:\/\/www.pierwszekroczki.edu.pl\/#website\",\"url\":\"https:\/\/www.pierwszekroczki.edu.pl\/\",\"name\":\"\u017b\u0142obek - Ochota - Wola - Warszawa - Pierwsze Kroczki\",\"description\":\"Ca\u0142odzienna opieka \u017c\u0142obkowa dla dzieci od 1 roku do 4 lat na Ochocie i Woli w Warszawie. Atmosfera muzyki i sztuki otacza Maluszki przez ca\u0142y dzie\u0144.\",\"publisher\":{\"@id\":\"https:\/\/www.pierwszekroczki.edu.pl\/#organization\"},\"potentialAction\":[{\"@type\":\"SearchAction\",\"target\":{\"@type\":\"EntryPoint\",\"urlTemplate\":\"https:\/\/www.pierwszekroczki.edu.pl\/?s={search_term_string}\"},\"query-input\":{\"@type\":\"PropertyValueSpecification\",\"valueRequired\":true,\"valueName\":\"search_term_string\"}}],\"inLanguage\":\"en-US\"},{\"@type\":\"Organization\",\"@id\":\"https:\/\/www.pierwszekroczki.edu.pl\/#organization\",\"name\":\"Pierwsze Kroczki\",\"url\":\"https:\/\/www.pierwszekroczki.edu.pl\/\",\"logo\":{\"@type\":\"ImageObject\",\"inLanguage\":\"en-US\",\"@id\":\"https:\/\/www.pierwszekroczki.edu.pl\/#\/schema\/logo\/image\/\",\"url\":\"https:\/\/www.pierwszekroczki.edu.pl\/wp-content\/uploads\/2023\/03\/favicon.png\",\"contentUrl\":\"https:\/\/www.pierwszekroczki.edu.pl\/wp-content\/uploads\/2023\/03\/favicon.png\",\"width\":92,\"height\":92,\"caption\":\"Pierwsze Kroczki\"},\"image\":{\"@id\":\"https:\/\/www.pierwszekroczki.edu.pl\/#\/schema\/logo\/image\/\"},\"sameAs\":[\"https:\/\/www.facebook.com\/pierwszekroczki\/\"]}]}<\/script>\n<!-- \/ Yoast SEO plugin. -->","yoast_head_json":{"title":"Nursery in Wola - \u017b\u0142obek - Ochota - Wola - Warszawa - Pierwsze Kroczki","robots":{"index":"index","follow":"follow","max-snippet":"max-snippet:-1","max-image-preview":"max-image-preview:large","max-video-preview":"max-video-preview:-1"},"canonical":"https:\/\/www.pierwszekroczki.edu.pl\/en\/nursery-in-wola\/","og_locale":"en_US","og_type":"article","og_title":"Nursery in Wola - \u017b\u0142obek - Ochota - Wola - Warszawa - Pierwsze Kroczki","og_description":"Dear Parents, We warmly invite you to our private branch of &#8220;Pierwsze Kroczki&#8221; at 33A Jana Kazimierza Street, unit U5. [&hellip;]","og_url":"https:\/\/www.pierwszekroczki.edu.pl\/en\/nursery-in-wola\/","og_site_name":"\u017b\u0142obek - Ochota - Wola - Warszawa - Pierwsze Kroczki","article_publisher":"https:\/\/www.facebook.com\/pierwszekroczki\/","article_modified_time":"2023-08-28T14:25:03+00:00","twitter_card":"summary_large_image","twitter_misc":{"Est. reading time":"2 minutes"},"schema":{"@context":"https:\/\/schema.org","@graph":[{"@type":"WebPage","@id":"https:\/\/www.pierwszekroczki.edu.pl\/en\/nursery-in-wola\/","url":"https:\/\/www.pierwszekroczki.edu.pl\/en\/nursery-in-wola\/","name":"Nursery in Wola - \u017b\u0142obek - Ochota - Wola - Warszawa - Pierwsze Kroczki","isPartOf":{"@id":"https:\/\/www.pierwszekroczki.edu.pl\/#website"},"datePublished":"2023-08-28T14:01:21+00:00","dateModified":"2023-08-28T14:25:03+00:00","breadcrumb":{"@id":"https:\/\/www.pierwszekroczki.edu.pl\/en\/nursery-in-wola\/#breadcrumb"},"inLanguage":"en-US","potentialAction":[{"@type":"ReadAction","target":["https:\/\/www.pierwszekroczki.edu.pl\/en\/nursery-in-wola\/"]}]},{"@type":"BreadcrumbList","@id":"https:\/\/www.pierwszekroczki.edu.pl\/en\/nursery-in-wola\/#breadcrumb","itemListElement":[{"@type":"ListItem","position":1,"name":"Strona g\u0142\u00f3wna","item":"https:\/\/www.pierwszekroczki.edu.pl\/en\/"},{"@type":"ListItem","position":2,"name":"Nursery in Wola"}]},{"@type":"WebSite","@id":"https:\/\/www.pierwszekroczki.edu.pl\/#website","url":"https:\/\/www.pierwszekroczki.edu.pl\/","name":"\u017b\u0142obek - Ochota - Wola - Warszawa - Pierwsze Kroczki","description":"Ca\u0142odzienna opieka \u017c\u0142obkowa dla dzieci od 1 roku do 4 lat na Ochocie i Woli w Warszawie. Atmosfera muzyki i sztuki otacza Maluszki przez ca\u0142y dzie\u0144.","publisher":{"@id":"https:\/\/www.pierwszekroczki.edu.pl\/#organization"},"potentialAction":[{"@type":"SearchAction","target":{"@type":"EntryPoint","urlTemplate":"https:\/\/www.pierwszekroczki.edu.pl\/?s={search_term_string}"},"query-input":{"@type":"PropertyValueSpecification","valueRequired":true,"valueName":"search_term_string"}}],"inLanguage":"en-US"},{"@type":"Organization","@id":"https:\/\/www.pierwszekroczki.edu.pl\/#organization","name":"Pierwsze Kroczki","url":"https:\/\/www.pierwszekroczki.edu.pl\/","logo":{"@type":"ImageObject","inLanguage":"en-US","@id":"https:\/\/www.pierwszekroczki.edu.pl\/#\/schema\/logo\/image\/","url":"https:\/\/www.pierwszekroczki.edu.pl\/wp-content\/uploads\/2023\/03\/favicon.png","contentUrl":"https:\/\/www.pierwszekroczki.edu.pl\/wp-content\/uploads\/2023\/03\/favicon.png","width":92,"height":92,"caption":"Pierwsze Kroczki"},"image":{"@id":"https:\/\/www.pierwszekroczki.edu.pl\/#\/schema\/logo\/image\/"},"sameAs":["https:\/\/www.facebook.com\/pierwszekroczki\/"]}]}},"_links":{"self":[{"href":"https:\/\/www.pierwszekroczki.edu.pl\/en\/wp-json\/wp\/v2\/pages\/763","targetHints":{"allow":["GET"]}}],"collection":[{"href":"https:\/\/www.pierwszekroczki.edu.pl\/en\/wp-json\/wp\/v2\/pages"}],"about":[{"href":"https:\/\/www.pierwszekroczki.edu.pl\/en\/wp-json\/wp\/v2\/types\/page"}],"author":[{"embeddable":true,"href":"https:\/\/www.pierwszekroczki.edu.pl\/en\/wp-json\/wp\/v2\/users\/1"}],"replies":[{"embeddable":true,"href":"https:\/\/www.pierwszekroczki.edu.pl\/en\/wp-json\/wp\/v2\/comments?post=763"}],"version-history":[{"count":4,"href":"https:\/\/www.pierwszekroczki.edu.pl\/en\/wp-json\/wp\/v2\/pages\/763\/revisions"}],"predecessor-version":[{"id":812,"href":"https:\/\/www.pierwszekroczki.edu.pl\/en\/wp-json\/wp\/v2\/pages\/763\/revisions\/812"}],"wp:attachment":[{"href":"https:\/\/www.pierwszekroczki.edu.pl\/en\/wp-json\/wp\/v2\/media?parent=763"}],"curies":[{"name":"wp","href":"https:\/\/api.w.org\/{rel}","templated":true}]}}