{"id":744,"date":"2023-08-28T15:38:49","date_gmt":"2023-08-28T13:38:49","guid":{"rendered":"https:\/\/www.pierwszekroczki.edu.pl\/?page_id=744"},"modified":"2023-08-29T10:56:19","modified_gmt":"2023-08-29T08:56:19","slug":"cooperation","status":"publish","type":"page","link":"https:\/\/www.pierwszekroczki.edu.pl\/en\/cooperation\/","title":{"rendered":"Cooperation"},"content":{"rendered":"<p>Our organization is constantly growing. Would you like to join the best team at &#8220;Pierwsze Kroczki&#8221;? Do you love children and want to develop among experienced caregivers? We&#8217;re now opening a permanent channel of communication with prospective candidates who are seeking a change or new experience in a friendly atmosphere.<\/p>\n<p>If you&#8217;re interested in working with our little ones, we invite you to send your CV through the form below or to the email address <a href=\"mailto:info@pierwszekroczki.edu.pl\">info@pierwszekroczki.edu.pl<\/a>, or call us at 888 400 302.<\/p>\n<p>Or perhaps you conduct interesting activities for children up to 3 years old, organize workshops for parents or nursery staff? Send us your offer, website, or give us a call! We&#8217;re eager to get to know you!<\/p>\n\n<div class=\"wpcf7 no-js\" id=\"wpcf7-f818-o1\" lang=\"pl-PL\" dir=\"ltr\" data-wpcf7-id=\"818\">\n<div class=\"screen-reader-response\"><p role=\"status\" aria-live=\"polite\" aria-atomic=\"true\"><\/p> <ul><\/ul><\/div>\n<form action=\"\/en\/wp-json\/wp\/v2\/pages\/744#wpcf7-f818-o1\" method=\"post\" class=\"wpcf7-form init\" aria-label=\"Formularz kontaktowy\" enctype=\"multipart\/form-data\" novalidate=\"novalidate\" data-status=\"init\">\n<fieldset class=\"hidden-fields-container\"><input type=\"hidden\" name=\"_wpcf7\" value=\"818\" \/><input type=\"hidden\" name=\"_wpcf7_version\" value=\"6.1\" \/><input type=\"hidden\" name=\"_wpcf7_locale\" value=\"pl_PL\" \/><input type=\"hidden\" name=\"_wpcf7_unit_tag\" value=\"wpcf7-f818-o1\" \/><input type=\"hidden\" name=\"_wpcf7_container_post\" value=\"0\" \/><input type=\"hidden\" name=\"_wpcf7_posted_data_hash\" value=\"\" \/>\n<\/fieldset>\n<div class=\"row\">\n\t<div class=\"col-12 col-md-6 col-lg-4\">\n\t\t<p><label>Name and surname:<span>*<\/span><\/label><br \/>\n<span class=\"wpcf7-form-control-wrap\" data-name=\"your-name\"><input size=\"40\" maxlength=\"400\" class=\"wpcf7-form-control wpcf7-text wpcf7-validates-as-required\" aria-required=\"true\" aria-invalid=\"false\" value=\"\" type=\"text\" name=\"your-name\" \/><\/span><br \/>\n<label>Phone number:<\/label><br \/>\n<span class=\"wpcf7-form-control-wrap\" data-name=\"tel-765\"><input size=\"40\" maxlength=\"400\" class=\"wpcf7-form-control wpcf7-tel wpcf7-text wpcf7-validates-as-tel\" aria-invalid=\"false\" value=\"\" type=\"tel\" name=\"tel-765\" \/><\/span>\n\t\t<\/p>\n\t<\/div>\n\t<div class=\"col-12 col-md-6 col-lg-4\">\n\t\t<p><label>Email address:<span>*<\/span><\/label><br \/>\n<span class=\"wpcf7-form-control-wrap\" data-name=\"email-10\"><input size=\"40\" maxlength=\"400\" class=\"wpcf7-form-control wpcf7-email wpcf7-validates-as-required wpcf7-text wpcf7-validates-as-email\" aria-required=\"true\" aria-invalid=\"false\" value=\"\" type=\"email\" name=\"email-10\" \/><\/span><br \/>\n<label>R\u00e9sum\u00e9\/CV:<\/label><br \/>\n<span class=\"wpcf7-form-control-wrap\" data-name=\"file-117\"><input size=\"40\" class=\"wpcf7-form-control wpcf7-file\" accept=\"audio\/*,video\/*,image\/*\" aria-invalid=\"false\" type=\"file\" name=\"file-117\" \/><\/span>\n\t\t<\/p>\n\t<\/div>\n<\/div>\n<div class=\"row\">\n\t<div class=\"col-12 col-md-12 col-lg-8\">\n\t\t<p><label>Message content:<\/label><br \/>\n<span class=\"wpcf7-form-control-wrap\" data-name=\"textarea-912\"><textarea cols=\"40\" rows=\"10\" maxlength=\"2000\" class=\"wpcf7-form-control wpcf7-textarea\" aria-invalid=\"false\" name=\"textarea-912\"><\/textarea><\/span>\n\t\t<\/p>\n\t<\/div>\n<\/div>\n<div class=\"text-center-mobile mt-20\">\n\t<p><input class=\"wpcf7-form-control wpcf7-submit has-spinner btn\" type=\"submit\" value=\"Send\" \/>\n\t<\/p>\n<\/div><div class=\"wpcf7-response-output\" aria-hidden=\"true\"><\/div>\n<\/form>\n<\/div>\n\n","protected":false},"excerpt":{"rendered":"<p>Our organization is constantly growing. Would you like to join the best team at &#8220;Pierwsze Kroczki&#8221;? Do you love children [&hellip;]<\/p>\n","protected":false},"author":1,"featured_media":0,"parent":0,"menu_order":0,"comment_status":"closed","ping_status":"closed","template":"","meta":{"_acf_changed":false,"footnotes":""},"class_list":["post-744","page","type-page","status-publish","hentry"],"acf":[],"yoast_head":"<!-- This site is optimized with the Yoast SEO plugin v23.7 - https:\/\/yoast.com\/wordpress\/plugins\/seo\/ -->\n<title>Cooperation - \u017b\u0142obek - Ochota - Wola - Warszawa - Pierwsze Kroczki<\/title>\n<meta name=\"robots\" content=\"index, follow, max-snippet:-1, max-image-preview:large, max-video-preview:-1\" \/>\n<link rel=\"canonical\" href=\"https:\/\/www.pierwszekroczki.edu.pl\/en\/cooperation\/\" \/>\n<meta property=\"og:locale\" content=\"en_US\" \/>\n<meta property=\"og:type\" content=\"article\" \/>\n<meta property=\"og:title\" content=\"Cooperation - \u017b\u0142obek - Ochota - Wola - Warszawa - Pierwsze Kroczki\" \/>\n<meta property=\"og:description\" content=\"Our organization is constantly growing. Would you like to join the best team at &#8220;Pierwsze Kroczki&#8221;? Do you love children [&hellip;]\" \/>\n<meta property=\"og:url\" content=\"https:\/\/www.pierwszekroczki.edu.pl\/en\/cooperation\/\" \/>\n<meta property=\"og:site_name\" content=\"\u017b\u0142obek - Ochota - Wola - Warszawa - Pierwsze Kroczki\" \/>\n<meta property=\"article:publisher\" content=\"https:\/\/www.facebook.com\/pierwszekroczki\/\" \/>\n<meta property=\"article:modified_time\" content=\"2023-08-29T08:56:19+00:00\" \/>\n<meta name=\"twitter:card\" content=\"summary_large_image\" \/>\n<meta name=\"twitter:label1\" content=\"Est. reading time\" \/>\n\t<meta name=\"twitter:data1\" content=\"1 minute\" \/>\n<script type=\"application\/ld+json\" class=\"yoast-schema-graph\">{\"@context\":\"https:\/\/schema.org\",\"@graph\":[{\"@type\":\"WebPage\",\"@id\":\"https:\/\/www.pierwszekroczki.edu.pl\/en\/cooperation\/\",\"url\":\"https:\/\/www.pierwszekroczki.edu.pl\/en\/cooperation\/\",\"name\":\"Cooperation - \u017b\u0142obek - Ochota - Wola - Warszawa - Pierwsze Kroczki\",\"isPartOf\":{\"@id\":\"https:\/\/www.pierwszekroczki.edu.pl\/#website\"},\"datePublished\":\"2023-08-28T13:38:49+00:00\",\"dateModified\":\"2023-08-29T08:56:19+00:00\",\"breadcrumb\":{\"@id\":\"https:\/\/www.pierwszekroczki.edu.pl\/en\/cooperation\/#breadcrumb\"},\"inLanguage\":\"en-US\",\"potentialAction\":[{\"@type\":\"ReadAction\",\"target\":[\"https:\/\/www.pierwszekroczki.edu.pl\/en\/cooperation\/\"]}]},{\"@type\":\"BreadcrumbList\",\"@id\":\"https:\/\/www.pierwszekroczki.edu.pl\/en\/cooperation\/#breadcrumb\",\"itemListElement\":[{\"@type\":\"ListItem\",\"position\":1,\"name\":\"Strona g\u0142\u00f3wna\",\"item\":\"https:\/\/www.pierwszekroczki.edu.pl\/en\/\"},{\"@type\":\"ListItem\",\"position\":2,\"name\":\"Cooperation\"}]},{\"@type\":\"WebSite\",\"@id\":\"https:\/\/www.pierwszekroczki.edu.pl\/#website\",\"url\":\"https:\/\/www.pierwszekroczki.edu.pl\/\",\"name\":\"\u017b\u0142obek - Ochota - Wola - Warszawa - Pierwsze Kroczki\",\"description\":\"Ca\u0142odzienna opieka \u017c\u0142obkowa dla dzieci od 1 roku do 4 lat na Ochocie i Woli w Warszawie. Atmosfera muzyki i sztuki otacza Maluszki przez ca\u0142y dzie\u0144.\",\"publisher\":{\"@id\":\"https:\/\/www.pierwszekroczki.edu.pl\/#organization\"},\"potentialAction\":[{\"@type\":\"SearchAction\",\"target\":{\"@type\":\"EntryPoint\",\"urlTemplate\":\"https:\/\/www.pierwszekroczki.edu.pl\/?s={search_term_string}\"},\"query-input\":{\"@type\":\"PropertyValueSpecification\",\"valueRequired\":true,\"valueName\":\"search_term_string\"}}],\"inLanguage\":\"en-US\"},{\"@type\":\"Organization\",\"@id\":\"https:\/\/www.pierwszekroczki.edu.pl\/#organization\",\"name\":\"Pierwsze Kroczki\",\"url\":\"https:\/\/www.pierwszekroczki.edu.pl\/\",\"logo\":{\"@type\":\"ImageObject\",\"inLanguage\":\"en-US\",\"@id\":\"https:\/\/www.pierwszekroczki.edu.pl\/#\/schema\/logo\/image\/\",\"url\":\"https:\/\/www.pierwszekroczki.edu.pl\/wp-content\/uploads\/2023\/03\/favicon.png\",\"contentUrl\":\"https:\/\/www.pierwszekroczki.edu.pl\/wp-content\/uploads\/2023\/03\/favicon.png\",\"width\":92,\"height\":92,\"caption\":\"Pierwsze Kroczki\"},\"image\":{\"@id\":\"https:\/\/www.pierwszekroczki.edu.pl\/#\/schema\/logo\/image\/\"},\"sameAs\":[\"https:\/\/www.facebook.com\/pierwszekroczki\/\"]}]}<\/script>\n<!-- \/ Yoast SEO plugin. -->","yoast_head_json":{"title":"Cooperation - \u017b\u0142obek - Ochota - Wola - Warszawa - Pierwsze Kroczki","robots":{"index":"index","follow":"follow","max-snippet":"max-snippet:-1","max-image-preview":"max-image-preview:large","max-video-preview":"max-video-preview:-1"},"canonical":"https:\/\/www.pierwszekroczki.edu.pl\/en\/cooperation\/","og_locale":"en_US","og_type":"article","og_title":"Cooperation - \u017b\u0142obek - Ochota - Wola - Warszawa - Pierwsze Kroczki","og_description":"Our organization is constantly growing. Would you like to join the best team at &#8220;Pierwsze Kroczki&#8221;? Do you love children [&hellip;]","og_url":"https:\/\/www.pierwszekroczki.edu.pl\/en\/cooperation\/","og_site_name":"\u017b\u0142obek - Ochota - Wola - Warszawa - Pierwsze Kroczki","article_publisher":"https:\/\/www.facebook.com\/pierwszekroczki\/","article_modified_time":"2023-08-29T08:56:19+00:00","twitter_card":"summary_large_image","twitter_misc":{"Est. reading time":"1 minute"},"schema":{"@context":"https:\/\/schema.org","@graph":[{"@type":"WebPage","@id":"https:\/\/www.pierwszekroczki.edu.pl\/en\/cooperation\/","url":"https:\/\/www.pierwszekroczki.edu.pl\/en\/cooperation\/","name":"Cooperation - \u017b\u0142obek - Ochota - Wola - Warszawa - Pierwsze Kroczki","isPartOf":{"@id":"https:\/\/www.pierwszekroczki.edu.pl\/#website"},"datePublished":"2023-08-28T13:38:49+00:00","dateModified":"2023-08-29T08:56:19+00:00","breadcrumb":{"@id":"https:\/\/www.pierwszekroczki.edu.pl\/en\/cooperation\/#breadcrumb"},"inLanguage":"en-US","potentialAction":[{"@type":"ReadAction","target":["https:\/\/www.pierwszekroczki.edu.pl\/en\/cooperation\/"]}]},{"@type":"BreadcrumbList","@id":"https:\/\/www.pierwszekroczki.edu.pl\/en\/cooperation\/#breadcrumb","itemListElement":[{"@type":"ListItem","position":1,"name":"Strona g\u0142\u00f3wna","item":"https:\/\/www.pierwszekroczki.edu.pl\/en\/"},{"@type":"ListItem","position":2,"name":"Cooperation"}]},{"@type":"WebSite","@id":"https:\/\/www.pierwszekroczki.edu.pl\/#website","url":"https:\/\/www.pierwszekroczki.edu.pl\/","name":"\u017b\u0142obek - Ochota - Wola - Warszawa - Pierwsze Kroczki","description":"Ca\u0142odzienna opieka \u017c\u0142obkowa dla dzieci od 1 roku do 4 lat na Ochocie i Woli w Warszawie. Atmosfera muzyki i sztuki otacza Maluszki przez ca\u0142y dzie\u0144.","publisher":{"@id":"https:\/\/www.pierwszekroczki.edu.pl\/#organization"},"potentialAction":[{"@type":"SearchAction","target":{"@type":"EntryPoint","urlTemplate":"https:\/\/www.pierwszekroczki.edu.pl\/?s={search_term_string}"},"query-input":{"@type":"PropertyValueSpecification","valueRequired":true,"valueName":"search_term_string"}}],"inLanguage":"en-US"},{"@type":"Organization","@id":"https:\/\/www.pierwszekroczki.edu.pl\/#organization","name":"Pierwsze Kroczki","url":"https:\/\/www.pierwszekroczki.edu.pl\/","logo":{"@type":"ImageObject","inLanguage":"en-US","@id":"https:\/\/www.pierwszekroczki.edu.pl\/#\/schema\/logo\/image\/","url":"https:\/\/www.pierwszekroczki.edu.pl\/wp-content\/uploads\/2023\/03\/favicon.png","contentUrl":"https:\/\/www.pierwszekroczki.edu.pl\/wp-content\/uploads\/2023\/03\/favicon.png","width":92,"height":92,"caption":"Pierwsze Kroczki"},"image":{"@id":"https:\/\/www.pierwszekroczki.edu.pl\/#\/schema\/logo\/image\/"},"sameAs":["https:\/\/www.facebook.com\/pierwszekroczki\/"]}]}},"_links":{"self":[{"href":"https:\/\/www.pierwszekroczki.edu.pl\/en\/wp-json\/wp\/v2\/pages\/744","targetHints":{"allow":["GET"]}}],"collection":[{"href":"https:\/\/www.pierwszekroczki.edu.pl\/en\/wp-json\/wp\/v2\/pages"}],"about":[{"href":"https:\/\/www.pierwszekroczki.edu.pl\/en\/wp-json\/wp\/v2\/types\/page"}],"author":[{"embeddable":true,"href":"https:\/\/www.pierwszekroczki.edu.pl\/en\/wp-json\/wp\/v2\/users\/1"}],"replies":[{"embeddable":true,"href":"https:\/\/www.pierwszekroczki.edu.pl\/en\/wp-json\/wp\/v2\/comments?post=744"}],"version-history":[{"count":4,"href":"https:\/\/www.pierwszekroczki.edu.pl\/en\/wp-json\/wp\/v2\/pages\/744\/revisions"}],"predecessor-version":[{"id":819,"href":"https:\/\/www.pierwszekroczki.edu.pl\/en\/wp-json\/wp\/v2\/pages\/744\/revisions\/819"}],"wp:attachment":[{"href":"https:\/\/www.pierwszekroczki.edu.pl\/en\/wp-json\/wp\/v2\/media?parent=744"}],"curies":[{"name":"wp","href":"https:\/\/api.w.org\/{rel}","templated":true}]}}