{"id":1215,"date":"2023-09-06T11:19:16","date_gmt":"2023-09-06T09:19:16","guid":{"rendered":"https:\/\/www.pierwszekroczki.edu.pl\/?page_id=1215"},"modified":"2023-09-06T11:19:16","modified_gmt":"2023-09-06T09:19:16","slug":"daily-schedule","status":"publish","type":"page","link":"https:\/\/www.pierwszekroczki.edu.pl\/en\/kindergarden\/daily-schedule\/","title":{"rendered":"Daily schedule and our activities"},"content":{"rendered":"<p style=\"color: #0b3b80;\"><strong>Poni\u017cej przedstawiamy ramowy plan dnia grupy przedszkolnej Pierwszych Kroczk\u00f3w.<\/strong><\/p>\n<table>\n<tbody>\n<tr>\n<td>7.00-8.00<\/td>\n<td>&#8211; gromadzimy si\u0119 w plac\u00f3wce<\/td>\n<\/tr>\n<tr>\n<td>8.00<\/td>\n<td>&#8211; rozpoczynamy przedszkolny dzie\u0144<\/td>\n<\/tr>\n<tr>\n<td>8.00-9.00<\/td>\n<td>&#8211; swobodna zabawa<\/td>\n<\/tr>\n<tr>\n<td>9.00<\/td>\n<td>&#8211; \u015bniadanie<\/td>\n<\/tr>\n<tr>\n<td>9.30<\/td>\n<td>&#8211; zaj\u0119cia integracyjne w kr\u0119gu<\/td>\n<\/tr>\n<tr>\n<td>9:45-12:00<\/td>\n<td>&#8211; EDUSTREFA, czyli czas na rozw\u00f3j (zaj\u0119cia w plac\u00f3wce lub w terenie)<\/td>\n<\/tr>\n<tr>\n<td>12:00<\/td>\n<td>&#8211; zupa<\/td>\n<\/tr>\n<tr>\n<td>12:30-14:00<\/td>\n<td>&#8211; drzemka<\/td>\n<\/tr>\n<tr>\n<td>14:30<\/td>\n<td>&#8211; drugie danie<\/td>\n<\/tr>\n<tr>\n<td>15:00<\/td>\n<td>&#8211; RAZEM POZNAJEMY \u015aWIAT, czyli czas sp\u0119dzany na zewn\u0105trz<\/td>\n<\/tr>\n<tr>\n<td>16:00<\/td>\n<td>&#8211; podwieczorek<\/td>\n<\/tr>\n<tr>\n<td>16.15-17.00<\/td>\n<td>&#8211; praca w\u0142asna z pomocami dydaktycznymi<\/td>\n<\/tr>\n<tr>\n<td>17:00<\/td>\n<td>&#8211; zamykamy przedszkolny dzie\u0144<\/td>\n<\/tr>\n<tr>\n<td>17.00-18.00<\/td>\n<td>&#8211; rozchodzimy si\u0119 do domu i zbieramy si\u0142y na nast\u0119pny dzie\u0144<\/td>\n<\/tr>\n<\/tbody>\n<\/table>\n<p>Codziennie w godzinach 10.00-12.00 lub 14.00-16.00 grup\u0119 przedszkoln\u0105 odwiedza native speakerka.<\/p>\n","protected":false},"excerpt":{"rendered":"<p>Poni\u017cej przedstawiamy ramowy plan dnia grupy przedszkolnej Pierwszych Kroczk\u00f3w. 7.00-8.00 &#8211; gromadzimy si\u0119 w plac\u00f3wce 8.00 &#8211; rozpoczynamy przedszkolny dzie\u0144 [&hellip;]<\/p>\n","protected":false},"author":1,"featured_media":0,"parent":742,"menu_order":0,"comment_status":"closed","ping_status":"closed","template":"templates\/przedszkole.php","meta":{"_acf_changed":false,"footnotes":""},"class_list":["post-1215","page","type-page","status-publish","hentry"],"acf":[],"yoast_head":"<!-- This site is optimized with the Yoast SEO plugin v23.7 - https:\/\/yoast.com\/wordpress\/plugins\/seo\/ -->\n<title>Daily schedule and our activities - \u017b\u0142obek - Ochota - Wola - Warszawa - Pierwsze Kroczki<\/title>\n<meta name=\"robots\" content=\"index, follow, max-snippet:-1, max-image-preview:large, max-video-preview:-1\" \/>\n<link rel=\"canonical\" href=\"https:\/\/www.pierwszekroczki.edu.pl\/en\/kindergarden\/daily-schedule\/\" \/>\n<meta property=\"og:locale\" content=\"en_US\" \/>\n<meta property=\"og:type\" content=\"article\" \/>\n<meta property=\"og:title\" content=\"Daily schedule and our activities - \u017b\u0142obek - Ochota - Wola - Warszawa - Pierwsze Kroczki\" \/>\n<meta property=\"og:description\" content=\"Poni\u017cej przedstawiamy ramowy plan dnia grupy przedszkolnej Pierwszych Kroczk\u00f3w. 7.00-8.00 &#8211; gromadzimy si\u0119 w plac\u00f3wce 8.00 &#8211; rozpoczynamy przedszkolny dzie\u0144 [&hellip;]\" \/>\n<meta property=\"og:url\" content=\"https:\/\/www.pierwszekroczki.edu.pl\/en\/kindergarden\/daily-schedule\/\" \/>\n<meta property=\"og:site_name\" content=\"\u017b\u0142obek - Ochota - Wola - Warszawa - Pierwsze Kroczki\" \/>\n<meta property=\"article:publisher\" content=\"https:\/\/www.facebook.com\/pierwszekroczki\/\" \/>\n<meta name=\"twitter:card\" content=\"summary_large_image\" \/>\n<meta name=\"twitter:label1\" content=\"Est. reading time\" \/>\n\t<meta name=\"twitter:data1\" content=\"1 minute\" \/>\n<script type=\"application\/ld+json\" class=\"yoast-schema-graph\">{\"@context\":\"https:\/\/schema.org\",\"@graph\":[{\"@type\":\"WebPage\",\"@id\":\"https:\/\/www.pierwszekroczki.edu.pl\/en\/kindergarden\/daily-schedule\/\",\"url\":\"https:\/\/www.pierwszekroczki.edu.pl\/en\/kindergarden\/daily-schedule\/\",\"name\":\"Daily schedule and our activities - \u017b\u0142obek - Ochota - Wola - Warszawa - Pierwsze Kroczki\",\"isPartOf\":{\"@id\":\"https:\/\/www.pierwszekroczki.edu.pl\/#website\"},\"datePublished\":\"2023-09-06T09:19:16+00:00\",\"dateModified\":\"2023-09-06T09:19:16+00:00\",\"breadcrumb\":{\"@id\":\"https:\/\/www.pierwszekroczki.edu.pl\/en\/kindergarden\/daily-schedule\/#breadcrumb\"},\"inLanguage\":\"en-US\",\"potentialAction\":[{\"@type\":\"ReadAction\",\"target\":[\"https:\/\/www.pierwszekroczki.edu.pl\/en\/kindergarden\/daily-schedule\/\"]}]},{\"@type\":\"BreadcrumbList\",\"@id\":\"https:\/\/www.pierwszekroczki.edu.pl\/en\/kindergarden\/daily-schedule\/#breadcrumb\",\"itemListElement\":[{\"@type\":\"ListItem\",\"position\":1,\"name\":\"Strona g\u0142\u00f3wna\",\"item\":\"https:\/\/www.pierwszekroczki.edu.pl\/en\/\"},{\"@type\":\"ListItem\",\"position\":2,\"name\":\"Kindergarden\",\"item\":\"https:\/\/www.pierwszekroczki.edu.pl\/en\/kindergarden\/\"},{\"@type\":\"ListItem\",\"position\":3,\"name\":\"Daily schedule and our activities\"}]},{\"@type\":\"WebSite\",\"@id\":\"https:\/\/www.pierwszekroczki.edu.pl\/#website\",\"url\":\"https:\/\/www.pierwszekroczki.edu.pl\/\",\"name\":\"\u017b\u0142obek - Ochota - Wola - Warszawa - Pierwsze Kroczki\",\"description\":\"Ca\u0142odzienna opieka \u017c\u0142obkowa dla dzieci od 1 roku do 4 lat na Ochocie i Woli w Warszawie. Atmosfera muzyki i sztuki otacza Maluszki przez ca\u0142y dzie\u0144.\",\"publisher\":{\"@id\":\"https:\/\/www.pierwszekroczki.edu.pl\/#organization\"},\"potentialAction\":[{\"@type\":\"SearchAction\",\"target\":{\"@type\":\"EntryPoint\",\"urlTemplate\":\"https:\/\/www.pierwszekroczki.edu.pl\/?s={search_term_string}\"},\"query-input\":{\"@type\":\"PropertyValueSpecification\",\"valueRequired\":true,\"valueName\":\"search_term_string\"}}],\"inLanguage\":\"en-US\"},{\"@type\":\"Organization\",\"@id\":\"https:\/\/www.pierwszekroczki.edu.pl\/#organization\",\"name\":\"Pierwsze Kroczki\",\"url\":\"https:\/\/www.pierwszekroczki.edu.pl\/\",\"logo\":{\"@type\":\"ImageObject\",\"inLanguage\":\"en-US\",\"@id\":\"https:\/\/www.pierwszekroczki.edu.pl\/#\/schema\/logo\/image\/\",\"url\":\"https:\/\/www.pierwszekroczki.edu.pl\/wp-content\/uploads\/2023\/03\/favicon.png\",\"contentUrl\":\"https:\/\/www.pierwszekroczki.edu.pl\/wp-content\/uploads\/2023\/03\/favicon.png\",\"width\":92,\"height\":92,\"caption\":\"Pierwsze Kroczki\"},\"image\":{\"@id\":\"https:\/\/www.pierwszekroczki.edu.pl\/#\/schema\/logo\/image\/\"},\"sameAs\":[\"https:\/\/www.facebook.com\/pierwszekroczki\/\"]}]}<\/script>\n<!-- \/ Yoast SEO plugin. -->","yoast_head_json":{"title":"Daily schedule and our activities - \u017b\u0142obek - Ochota - Wola - Warszawa - Pierwsze Kroczki","robots":{"index":"index","follow":"follow","max-snippet":"max-snippet:-1","max-image-preview":"max-image-preview:large","max-video-preview":"max-video-preview:-1"},"canonical":"https:\/\/www.pierwszekroczki.edu.pl\/en\/kindergarden\/daily-schedule\/","og_locale":"en_US","og_type":"article","og_title":"Daily schedule and our activities - \u017b\u0142obek - Ochota - Wola - Warszawa - Pierwsze Kroczki","og_description":"Poni\u017cej przedstawiamy ramowy plan dnia grupy przedszkolnej Pierwszych Kroczk\u00f3w. 7.00-8.00 &#8211; gromadzimy si\u0119 w plac\u00f3wce 8.00 &#8211; rozpoczynamy przedszkolny dzie\u0144 [&hellip;]","og_url":"https:\/\/www.pierwszekroczki.edu.pl\/en\/kindergarden\/daily-schedule\/","og_site_name":"\u017b\u0142obek - Ochota - Wola - Warszawa - Pierwsze Kroczki","article_publisher":"https:\/\/www.facebook.com\/pierwszekroczki\/","twitter_card":"summary_large_image","twitter_misc":{"Est. reading time":"1 minute"},"schema":{"@context":"https:\/\/schema.org","@graph":[{"@type":"WebPage","@id":"https:\/\/www.pierwszekroczki.edu.pl\/en\/kindergarden\/daily-schedule\/","url":"https:\/\/www.pierwszekroczki.edu.pl\/en\/kindergarden\/daily-schedule\/","name":"Daily schedule and our activities - \u017b\u0142obek - Ochota - Wola - Warszawa - Pierwsze Kroczki","isPartOf":{"@id":"https:\/\/www.pierwszekroczki.edu.pl\/#website"},"datePublished":"2023-09-06T09:19:16+00:00","dateModified":"2023-09-06T09:19:16+00:00","breadcrumb":{"@id":"https:\/\/www.pierwszekroczki.edu.pl\/en\/kindergarden\/daily-schedule\/#breadcrumb"},"inLanguage":"en-US","potentialAction":[{"@type":"ReadAction","target":["https:\/\/www.pierwszekroczki.edu.pl\/en\/kindergarden\/daily-schedule\/"]}]},{"@type":"BreadcrumbList","@id":"https:\/\/www.pierwszekroczki.edu.pl\/en\/kindergarden\/daily-schedule\/#breadcrumb","itemListElement":[{"@type":"ListItem","position":1,"name":"Strona g\u0142\u00f3wna","item":"https:\/\/www.pierwszekroczki.edu.pl\/en\/"},{"@type":"ListItem","position":2,"name":"Kindergarden","item":"https:\/\/www.pierwszekroczki.edu.pl\/en\/kindergarden\/"},{"@type":"ListItem","position":3,"name":"Daily schedule and our activities"}]},{"@type":"WebSite","@id":"https:\/\/www.pierwszekroczki.edu.pl\/#website","url":"https:\/\/www.pierwszekroczki.edu.pl\/","name":"\u017b\u0142obek - Ochota - Wola - Warszawa - Pierwsze Kroczki","description":"Ca\u0142odzienna opieka \u017c\u0142obkowa dla dzieci od 1 roku do 4 lat na Ochocie i Woli w Warszawie. Atmosfera muzyki i sztuki otacza Maluszki przez ca\u0142y dzie\u0144.","publisher":{"@id":"https:\/\/www.pierwszekroczki.edu.pl\/#organization"},"potentialAction":[{"@type":"SearchAction","target":{"@type":"EntryPoint","urlTemplate":"https:\/\/www.pierwszekroczki.edu.pl\/?s={search_term_string}"},"query-input":{"@type":"PropertyValueSpecification","valueRequired":true,"valueName":"search_term_string"}}],"inLanguage":"en-US"},{"@type":"Organization","@id":"https:\/\/www.pierwszekroczki.edu.pl\/#organization","name":"Pierwsze Kroczki","url":"https:\/\/www.pierwszekroczki.edu.pl\/","logo":{"@type":"ImageObject","inLanguage":"en-US","@id":"https:\/\/www.pierwszekroczki.edu.pl\/#\/schema\/logo\/image\/","url":"https:\/\/www.pierwszekroczki.edu.pl\/wp-content\/uploads\/2023\/03\/favicon.png","contentUrl":"https:\/\/www.pierwszekroczki.edu.pl\/wp-content\/uploads\/2023\/03\/favicon.png","width":92,"height":92,"caption":"Pierwsze Kroczki"},"image":{"@id":"https:\/\/www.pierwszekroczki.edu.pl\/#\/schema\/logo\/image\/"},"sameAs":["https:\/\/www.facebook.com\/pierwszekroczki\/"]}]}},"_links":{"self":[{"href":"https:\/\/www.pierwszekroczki.edu.pl\/en\/wp-json\/wp\/v2\/pages\/1215","targetHints":{"allow":["GET"]}}],"collection":[{"href":"https:\/\/www.pierwszekroczki.edu.pl\/en\/wp-json\/wp\/v2\/pages"}],"about":[{"href":"https:\/\/www.pierwszekroczki.edu.pl\/en\/wp-json\/wp\/v2\/types\/page"}],"author":[{"embeddable":true,"href":"https:\/\/www.pierwszekroczki.edu.pl\/en\/wp-json\/wp\/v2\/users\/1"}],"replies":[{"embeddable":true,"href":"https:\/\/www.pierwszekroczki.edu.pl\/en\/wp-json\/wp\/v2\/comments?post=1215"}],"version-history":[{"count":1,"href":"https:\/\/www.pierwszekroczki.edu.pl\/en\/wp-json\/wp\/v2\/pages\/1215\/revisions"}],"predecessor-version":[{"id":1216,"href":"https:\/\/www.pierwszekroczki.edu.pl\/en\/wp-json\/wp\/v2\/pages\/1215\/revisions\/1216"}],"up":[{"embeddable":true,"href":"https:\/\/www.pierwszekroczki.edu.pl\/en\/wp-json\/wp\/v2\/pages\/742"}],"wp:attachment":[{"href":"https:\/\/www.pierwszekroczki.edu.pl\/en\/wp-json\/wp\/v2\/media?parent=1215"}],"curies":[{"name":"wp","href":"https:\/\/api.w.org\/{rel}","templated":true}]}}